{"id":1291,"date":"2023-10-07T15:12:33","date_gmt":"2023-10-07T07:12:33","guid":{"rendered":"https:\/\/www.csrpackpackaging.com\/?page_id=1291"},"modified":"2023-12-21T11:21:43","modified_gmt":"2023-12-21T03:21:43","slug":"blog","status":"publish","type":"page","link":"https:\/\/csrpackpackaging.com\/fr\/blog\/","title":{"rendered":"Blog"},"content":{"rendered":"<div data-elementor-type=\"wp-page\" data-elementor-id=\"1291\" class=\"elementor elementor-1291\">\n\t\t\t\t\t\t\t\t\t<section class=\"elementor-section elementor-top-section elementor-element elementor-element-f764872 elementor-section-height-min-height elementor-section-boxed elementor-section-height-default elementor-section-items-middle\" data-id=\"f764872\" data-element_type=\"section\" data-settings=\"{&quot;background_background&quot;:&quot;classic&quot;}\">\n\t\t\t\t\t\t<div class=\"elementor-container elementor-column-gap-default\">\n\t\t\t\t\t<div class=\"elementor-column elementor-col-100 elementor-top-column elementor-element elementor-element-65855aa\" data-id=\"65855aa\" data-element_type=\"column\">\n\t\t\t<div class=\"elementor-widget-wrap elementor-element-populated\">\n\t\t\t\t\t\t\t\t\t<\/div>\n\t\t<\/div>\n\t\t\t\t\t\t\t<\/div>\n\t\t<\/section>\n\t\t\t\t<section class=\"elementor-section elementor-top-section elementor-element elementor-element-51cfd56 elementor-section-boxed elementor-section-height-default elementor-section-height-default\" data-id=\"51cfd56\" data-element_type=\"section\">\n\t\t\t\t\t\t<div class=\"elementor-container elementor-column-gap-default\">\n\t\t\t\t\t<div class=\"elementor-column elementor-col-100 elementor-top-column elementor-element elementor-element-da627ff\" data-id=\"da627ff\" data-element_type=\"column\">\n\t\t\t<div class=\"elementor-widget-wrap elementor-element-populated\">\n\t\t\t\t\t\t\t\t<div class=\"elementor-element elementor-element-9d364e2 elementor-widget elementor-widget-shortcode\" data-id=\"9d364e2\" data-element_type=\"widget\" data-widget_type=\"shortcode.default\">\n\t\t\t\t<div class=\"elementor-widget-container\">\n\t\t\t\t\t<div class=\"elementor-shortcode\">\t\t\t<!-- Flexy Breadcrumb -->\r\n\t\t\t<div class=\"fbc fbc-page\">\r\n\r\n\t\t\t\t<!-- Breadcrumb wrapper -->\r\n\t\t\t\t<div class=\"fbc-wrap\">\r\n\r\n\t\t\t\t\t<!-- Ordered list-->\r\n\t\t\t\t\t<ol class=\"fbc-items\" itemscope itemtype=\"https:\/\/schema.org\/BreadcrumbList\">\r\n\t\t\t\t\t\t            <li itemprop=\"itemListElement\" itemscope itemtype=\"https:\/\/schema.org\/ListItem\">\r\n                <span itemprop=\"name\">\r\n                    <!-- Home Link -->\r\n                    <a itemprop=\"item\" href=\"https:\/\/csrpackpackaging.com\/fr\/\">\r\n                    \r\n                                                    <i class=\"fa fa-home\" aria-hidden=\"true\"><\/i>Accueil                    <\/a>\r\n                <\/span>\r\n                <meta itemprop=\"position\" content=\"1\" \/><!-- Meta Position-->\r\n             <\/li><li><span class=\"fbc-separator\">\/<\/span><\/li><li class=\"active\" itemprop=\"itemListElement\" itemscope itemtype=\"https:\/\/schema.org\/ListItem\"><span itemprop=\"name\" title=\"Blog\">Blog<\/span><meta itemprop=\"position\" content=\"2\" \/><\/li>\t\t\t\t\t<\/ol>\r\n\t\t\t\t\t<div class=\"clearfix\"><\/div>\r\n\t\t\t\t<\/div>\r\n\t\t\t<\/div>\r\n\t\t\t<\/div>\n\t\t\t\t<\/div>\n\t\t\t\t<\/div>\n\t\t\t\t\t<\/div>\n\t\t<\/div>\n\t\t\t\t\t\t\t<\/div>\n\t\t<\/section>\n\t\t\t\t<section class=\"elementor-section elementor-top-section elementor-element elementor-element-affd8bd elementor-section-boxed elementor-section-height-default elementor-section-height-default\" data-id=\"affd8bd\" data-element_type=\"section\">\n\t\t\t\t\t\t<div class=\"elementor-container elementor-column-gap-default\">\n\t\t\t\t\t<div class=\"elementor-column elementor-col-100 elementor-top-column elementor-element elementor-element-9c320b8\" data-id=\"9c320b8\" data-element_type=\"column\">\n\t\t\t<div class=\"elementor-widget-wrap elementor-element-populated\">\n\t\t\t\t\t\t\t\t<div class=\"elementor-element elementor-element-9591460 elementor-widget elementor-widget-uael-posts\" data-id=\"9591460\" data-element_type=\"widget\" data-settings=\"{&quot;classic_pagination_type&quot;:&quot;normal&quot;,&quot;classic_slides_to_show&quot;:3,&quot;classic_slides_to_show_tablet&quot;:2,&quot;classic_slides_to_show_mobile&quot;:1}\" data-widget_type=\"uael-posts.classic\">\n\t\t\t\t<div class=\"elementor-widget-container\">\n\t\t\t\t\t<div class=\"uael-post__header\">\r\n\t\t\t\t\t<\/div>\r\n\t\t<div class=\"uael-post__body\">\r\n\t\t\t\r\n\t\t\r\n\t\t<div class=\"uael-blog-terms-position- uael-post-image-top uael-post-grid uael-posts\" data-query-type=\"custom\" data-structure=\"normal\" data-layout=\"\" data-page=\"1291\" data-skin=\"classic\" data-filter-default=\"\" data-offset-top=\"30\" >\r\n\r\n\t\t\t\t\t\t\t<div class=\"uael-post-grid__inner uael-post__columns-3 uael-post__columns-tablet-2 uael-post__columns-mobile-1\">\r\n\t\t\t\n<div class=\"uael-post-wrapper   blog\">\n\t<div class=\"uael-post__bg-wrap\">\n\n\t\t\t\t\n\t\t<div class=\"uael-post__inner-wrap\">\n\n\t\t\t\t<div class=\"uael-post__thumbnail\">\r\n\t\t\t\r\n\t\t\t<a href=\"https:\/\/csrpackpackaging.com\/fr\/the-ultimate-guide-to-custom-suit-packaging-boxes\/\" target=\"_self\" title=\"Le guide ultime des bo\u00eetes d&#039;emballage sur mesure\"><img loading=\"lazy\" decoding=\"async\" width=\"1080\" height=\"1080\" src=\"https:\/\/csrpackpackaging.com\/wp-content\/uploads\/2025\/04\/Suit-corrugated-box-5.webp\" class=\"attachment-full size-full wp-image-4101\" alt=\"Convient \u00e0 la bo\u00eete en carton ondul\u00e9 (5)\" srcset=\"https:\/\/csrpackpackaging.com\/wp-content\/uploads\/2025\/04\/Suit-corrugated-box-5.webp 1080w, https:\/\/csrpackpackaging.com\/wp-content\/uploads\/2025\/04\/Suit-corrugated-box-5-300x300.webp 300w, https:\/\/csrpackpackaging.com\/wp-content\/uploads\/2025\/04\/Suit-corrugated-box-5-1024x1024.webp 1024w, https:\/\/csrpackpackaging.com\/wp-content\/uploads\/2025\/04\/Suit-corrugated-box-5-150x150.webp 150w, https:\/\/csrpackpackaging.com\/wp-content\/uploads\/2025\/04\/Suit-corrugated-box-5-768x768.webp 768w, https:\/\/csrpackpackaging.com\/wp-content\/uploads\/2025\/04\/Suit-corrugated-box-5-12x12.webp 12w\" sizes=\"auto, (max-width: 1080px) 100vw, 1080px\" \/><\/a>\r\n\t\t\t\t\t<\/div>\r\n\t\t\n\t\t\t\n\t\t\t<div class=\"uael-post__content-wrap\">\n\t\t\t\t\t<h2 class=\"uael-post__title\">\r\n\r\n\t\t\r\n\t\t\t\t\t\t<a href=\"https:\/\/csrpackpackaging.com\/fr\/the-ultimate-guide-to-custom-suit-packaging-boxes\/\" target=\"_self\">\r\n\t\t\t\tLe guide ultime des bo\u00eetes d'emballage sur mesure\t\t\t<\/a>\r\n\r\n\t\t\t\t<\/h2>\r\n\t\t\t\t\t<div class=\"uael-post__meta-data\">\r\n\t\t\t\t\t<span class=\"uael-post__date\">\r\n\t\t\t\t\t\t\t\t\t\t\t\t\t\t\t\t\t\t\t\t\t\t\r\n\t\t\t2025-04-03\t\t<\/span>\r\n\t\t\t\t<\/div>\r\n\t\t\r\n\t\t<div class=\"uael-post__excerpt\">\r\n\t\t\t<p>Sur le march\u00e9 de la mode haut de gamme, un costume n'est pas seulement un symbole d'identit\u00e9, il est aussi porteur de savoir-faire et d'esth\u00e9tique. Cependant, si ...<\/p>\n\t\t<\/div>\r\n\r\n\t\t\t\t\t<a class=\"uael-post__read-more elementor-button\" href=\"https:\/\/csrpackpackaging.com\/fr\/the-ultimate-guide-to-custom-suit-packaging-boxes\/\" target=\"_self\" aria-labelledby=\"uael-post-4109\">\r\n\t\t\t\t\t<span class=\"elementor-button-content-wrapper\">\r\n\t\t\t\t\t\t\t\t\t\t\t\t\t\t<span class=\"elementor-button-icon elementor-align-icon-left\">\r\n\r\n\t\t\t\t\t\t\t\t\t\r\n\t\t\t\t\t\t\t\t<\/span>\r\n\t\t\t\t\t\t\t\t\t\t\t\t\t\r\n\t\t\t\t\t\t<span class=\"elementor-button-text\" id=\"uael-post-4109\">Lire la suite \u2192<\/span>\r\n\t\t\t\t\t<\/span>\r\n\t\t\t\t<\/a>\r\n\t\t\t\t\t\t<\/div>\n\t\t\t\n\t\t<\/div>\n\t\t\n\t<\/div>\n\n<\/div>\n\n<div class=\"uael-post-wrapper   industry-knowledge\">\n\t<div class=\"uael-post__bg-wrap\">\n\n\t\t\t\t\n\t\t<div class=\"uael-post__inner-wrap\">\n\n\t\t\t\t<div class=\"uael-post__thumbnail\">\r\n\t\t\t\r\n\t\t\t<a href=\"https:\/\/csrpackpackaging.com\/fr\/what-are-the-benefits-of-using-garment-bags\/\" target=\"_self\" title=\"Quels sont les avantages de l&#039;utilisation de sacs \u00e0 v\u00eatements ?\"><img loading=\"lazy\" decoding=\"async\" width=\"800\" height=\"800\" src=\"https:\/\/csrpackpackaging.com\/wp-content\/uploads\/2024\/07\/O1CN01vaSiZy1NUw7IdYERa_963b_1697635059262.jpg\" class=\"attachment-full size-full wp-image-3235\" alt=\"\" srcset=\"https:\/\/csrpackpackaging.com\/wp-content\/uploads\/2024\/07\/O1CN01vaSiZy1NUw7IdYERa_963b_1697635059262.jpg 800w, https:\/\/csrpackpackaging.com\/wp-content\/uploads\/2024\/07\/O1CN01vaSiZy1NUw7IdYERa_963b_1697635059262-300x300.jpg 300w, https:\/\/csrpackpackaging.com\/wp-content\/uploads\/2024\/07\/O1CN01vaSiZy1NUw7IdYERa_963b_1697635059262-150x150.jpg 150w, https:\/\/csrpackpackaging.com\/wp-content\/uploads\/2024\/07\/O1CN01vaSiZy1NUw7IdYERa_963b_1697635059262-768x768.jpg 768w, https:\/\/csrpackpackaging.com\/wp-content\/uploads\/2024\/07\/O1CN01vaSiZy1NUw7IdYERa_963b_1697635059262-12x12.jpg 12w\" sizes=\"auto, (max-width: 800px) 100vw, 800px\" \/><\/a>\r\n\t\t\t\t\t<\/div>\r\n\t\t\n\t\t\t\n\t\t\t<div class=\"uael-post__content-wrap\">\n\t\t\t\t\t<h2 class=\"uael-post__title\">\r\n\r\n\t\t\r\n\t\t\t\t\t\t<a href=\"https:\/\/csrpackpackaging.com\/fr\/what-are-the-benefits-of-using-garment-bags\/\" target=\"_self\">\r\n\t\t\t\tQuels sont les avantages de l'utilisation de sacs \u00e0 v\u00eatements ?\t\t\t<\/a>\r\n\r\n\t\t\t\t<\/h2>\r\n\t\t\t\t\t<div class=\"uael-post__meta-data\">\r\n\t\t\t\t\t<span class=\"uael-post__date\">\r\n\t\t\t\t\t\t\t\t\t\t\t\t\t\t\t\t\t\t\t\t\t\t\r\n\t\t\t2024-07-11\t\t<\/span>\r\n\t\t\t\t<\/div>\r\n\t\t\r\n\t\t<div class=\"uael-post__excerpt\">\r\n\t\t\t<p>Les sacs \u00e0 v\u00eatements ne sont pas r\u00e9serv\u00e9s aux fashionistas ou aux voyageurs. Que vous ayez une petite garde-robe ou une vaste collection de v\u00eatements, l'utilisation de sacs \u00e0 v\u00eatements pour le rangement pr\u00e9sente de nombreux avantages. Dans cet article, nous examinerons les avantages de l'utilisation des sacs \u00e0 v\u00eatements et nous vous recommanderons les meilleurs sacs disponibles sur le march\u00e9.<\/p>\n\t\t<\/div>\r\n\r\n\t\t\t\t\t<a class=\"uael-post__read-more elementor-button\" href=\"https:\/\/csrpackpackaging.com\/fr\/what-are-the-benefits-of-using-garment-bags\/\" target=\"_self\" aria-labelledby=\"uael-post-3236\">\r\n\t\t\t\t\t<span class=\"elementor-button-content-wrapper\">\r\n\t\t\t\t\t\t\t\t\t\t\t\t\t\t<span class=\"elementor-button-icon elementor-align-icon-left\">\r\n\r\n\t\t\t\t\t\t\t\t\t\r\n\t\t\t\t\t\t\t\t<\/span>\r\n\t\t\t\t\t\t\t\t\t\t\t\t\t\r\n\t\t\t\t\t\t<span class=\"elementor-button-text\" id=\"uael-post-3236\">Lire la suite \u2192<\/span>\r\n\t\t\t\t\t<\/span>\r\n\t\t\t\t<\/a>\r\n\t\t\t\t\t\t<\/div>\n\t\t\t\n\t\t<\/div>\n\t\t\n\t<\/div>\n\n<\/div>\n\n<div class=\"uael-post-wrapper   industry-knowledge\">\n\t<div class=\"uael-post__bg-wrap\">\n\n\t\t\t\t\n\t\t<div class=\"uael-post__inner-wrap\">\n\n\t\t\t\t<div class=\"uael-post__thumbnail\">\r\n\t\t\t\r\n\t\t\t<a href=\"https:\/\/csrpackpackaging.com\/fr\/what-is-cotton-shopping-bags\/\" target=\"_self\" title=\"Qu&#039;est-ce qu&#039;un sac shopping en coton\uff1f ?\"><img loading=\"lazy\" decoding=\"async\" width=\"790\" height=\"790\" src=\"https:\/\/csrpackpackaging.com\/wp-content\/uploads\/2024\/07\/O1CN0195PVdo26l6qhnExJf_169b_1697621209082.jpg\" class=\"attachment-full size-full wp-image-3233\" alt=\"\" srcset=\"https:\/\/csrpackpackaging.com\/wp-content\/uploads\/2024\/07\/O1CN0195PVdo26l6qhnExJf_169b_1697621209082.jpg 790w, https:\/\/csrpackpackaging.com\/wp-content\/uploads\/2024\/07\/O1CN0195PVdo26l6qhnExJf_169b_1697621209082-300x300.jpg 300w, https:\/\/csrpackpackaging.com\/wp-content\/uploads\/2024\/07\/O1CN0195PVdo26l6qhnExJf_169b_1697621209082-150x150.jpg 150w, https:\/\/csrpackpackaging.com\/wp-content\/uploads\/2024\/07\/O1CN0195PVdo26l6qhnExJf_169b_1697621209082-768x768.jpg 768w, https:\/\/csrpackpackaging.com\/wp-content\/uploads\/2024\/07\/O1CN0195PVdo26l6qhnExJf_169b_1697621209082-12x12.jpg 12w\" sizes=\"auto, (max-width: 790px) 100vw, 790px\" \/><\/a>\r\n\t\t\t\t\t<\/div>\r\n\t\t\n\t\t\t\n\t\t\t<div class=\"uael-post__content-wrap\">\n\t\t\t\t\t<h2 class=\"uael-post__title\">\r\n\r\n\t\t\r\n\t\t\t\t\t\t<a href=\"https:\/\/csrpackpackaging.com\/fr\/what-is-cotton-shopping-bags\/\" target=\"_self\">\r\n\t\t\t\tQu'est-ce qu'un sac shopping en coton\uff1f ?\t\t\t<\/a>\r\n\r\n\t\t\t\t<\/h2>\r\n\t\t\t\t\t<div class=\"uael-post__meta-data\">\r\n\t\t\t\t\t<span class=\"uael-post__date\">\r\n\t\t\t\t\t\t\t\t\t\t\t\t\t\t\t\t\t\t\t\t\t\t\r\n\t\t\t2024-04-19\t\t<\/span>\r\n\t\t\t\t<\/div>\r\n\t\t\r\n\t\t<div class=\"uael-post__excerpt\">\r\n\t\t\t<p>Les sacs \u00e0 provisions en coton sont des sacs fabriqu\u00e9s \u00e0 partir de tissus tiss\u00e9s en fils de coton. Gr\u00e2ce \u00e0 ses qualit\u00e9s sup\u00e9rieures d'hygroscopicit\u00e9, de perm\u00e9abilit\u00e9 \u00e0 l'air, de r\u00e9sistance \u00e0 la chaleur et de propret\u00e9, les sacs \u00e0 provisions en coton sont devenus une option populaire pour les achats quotidiens de nombreux individus. En outre, de plus en plus de personnes choisissent les sacs \u00e0 provisions en coton car il s'agit d'un mat\u00e9riau durable qui se d\u00e9grade naturellement et ne pollue pas l'environnement, en particulier \u00e0 la lumi\u00e8re de la popularit\u00e9 croissante de la protection de l'environnement.<\/p>\n\t\t<\/div>\r\n\r\n\t\t\t\t\t<a class=\"uael-post__read-more elementor-button\" href=\"https:\/\/csrpackpackaging.com\/fr\/what-is-cotton-shopping-bags\/\" target=\"_self\" aria-labelledby=\"uael-post-3216\">\r\n\t\t\t\t\t<span class=\"elementor-button-content-wrapper\">\r\n\t\t\t\t\t\t\t\t\t\t\t\t\t\t<span class=\"elementor-button-icon elementor-align-icon-left\">\r\n\r\n\t\t\t\t\t\t\t\t\t\r\n\t\t\t\t\t\t\t\t<\/span>\r\n\t\t\t\t\t\t\t\t\t\t\t\t\t\r\n\t\t\t\t\t\t<span class=\"elementor-button-text\" id=\"uael-post-3216\">Lire la suite \u2192<\/span>\r\n\t\t\t\t\t<\/span>\r\n\t\t\t\t<\/a>\r\n\t\t\t\t\t\t<\/div>\n\t\t\t\n\t\t<\/div>\n\t\t\n\t<\/div>\n\n<\/div>\n\n<div class=\"uael-post-wrapper   industry-knowledge\">\n\t<div class=\"uael-post__bg-wrap\">\n\n\t\t\t\t\n\t\t<div class=\"uael-post__inner-wrap\">\n\n\t\t\t\t<div class=\"uael-post__thumbnail\">\r\n\t\t\t\r\n\t\t\t<a href=\"https:\/\/csrpackpackaging.com\/fr\/what-is-luxury-garment-covers-for-dresses\/\" target=\"_self\" title=\"Qu&#039;est-ce qu&#039;une housse de luxe pour les robes ?\"><img loading=\"lazy\" decoding=\"async\" width=\"800\" height=\"800\" src=\"https:\/\/csrpackpackaging.com\/wp-content\/uploads\/2024\/04\/O1CN01QGNHuL1NUwGAsU2St_963_1697630261865.jpg\" class=\"attachment-full size-full wp-image-3213\" alt=\"\" srcset=\"https:\/\/csrpackpackaging.com\/wp-content\/uploads\/2024\/04\/O1CN01QGNHuL1NUwGAsU2St_963_1697630261865.jpg 800w, https:\/\/csrpackpackaging.com\/wp-content\/uploads\/2024\/04\/O1CN01QGNHuL1NUwGAsU2St_963_1697630261865-300x300.jpg 300w, https:\/\/csrpackpackaging.com\/wp-content\/uploads\/2024\/04\/O1CN01QGNHuL1NUwGAsU2St_963_1697630261865-150x150.jpg 150w, https:\/\/csrpackpackaging.com\/wp-content\/uploads\/2024\/04\/O1CN01QGNHuL1NUwGAsU2St_963_1697630261865-768x768.jpg 768w, https:\/\/csrpackpackaging.com\/wp-content\/uploads\/2024\/04\/O1CN01QGNHuL1NUwGAsU2St_963_1697630261865-12x12.jpg 12w\" sizes=\"auto, (max-width: 800px) 100vw, 800px\" \/><\/a>\r\n\t\t\t\t\t<\/div>\r\n\t\t\n\t\t\t\n\t\t\t<div class=\"uael-post__content-wrap\">\n\t\t\t\t\t<h2 class=\"uael-post__title\">\r\n\r\n\t\t\r\n\t\t\t\t\t\t<a href=\"https:\/\/csrpackpackaging.com\/fr\/what-is-luxury-garment-covers-for-dresses\/\" target=\"_self\">\r\n\t\t\t\tQu'est-ce qu'une housse de luxe pour les robes ?\t\t\t<\/a>\r\n\r\n\t\t\t\t<\/h2>\r\n\t\t\t\t\t<div class=\"uael-post__meta-data\">\r\n\t\t\t\t\t<span class=\"uael-post__date\">\r\n\t\t\t\t\t\t\t\t\t\t\t\t\t\t\t\t\t\t\t\t\t\t\r\n\t\t\t2024-04-19\t\t<\/span>\r\n\t\t\t\t<\/div>\r\n\t\t\r\n\t\t<div class=\"uael-post__excerpt\">\r\n\t\t\t<p>Les \u00e9quipements de protection \u00e9l\u00e9gants et \u00e0 la mode, tels que les housses de robes de luxe, sont essentiels pour le stockage et l'exp\u00e9dition des robes et autres v\u00eatements d\u00e9licats. Elles offrent un soin complet \u00e0 des v\u00eatements inestimables et sont bien plus que de simples housses de base.<\/p>\n\t\t<\/div>\r\n\r\n\t\t\t\t\t<a class=\"uael-post__read-more elementor-button\" href=\"https:\/\/csrpackpackaging.com\/fr\/what-is-luxury-garment-covers-for-dresses\/\" target=\"_self\" aria-labelledby=\"uael-post-3214\">\r\n\t\t\t\t\t<span class=\"elementor-button-content-wrapper\">\r\n\t\t\t\t\t\t\t\t\t\t\t\t\t\t<span class=\"elementor-button-icon elementor-align-icon-left\">\r\n\r\n\t\t\t\t\t\t\t\t\t\r\n\t\t\t\t\t\t\t\t<\/span>\r\n\t\t\t\t\t\t\t\t\t\t\t\t\t\r\n\t\t\t\t\t\t<span class=\"elementor-button-text\" id=\"uael-post-3214\">Lire la suite \u2192<\/span>\r\n\t\t\t\t\t<\/span>\r\n\t\t\t\t<\/a>\r\n\t\t\t\t\t\t<\/div>\n\t\t\t\n\t\t<\/div>\n\t\t\n\t<\/div>\n\n<\/div>\n\n<div class=\"uael-post-wrapper   industry-knowledge\">\n\t<div class=\"uael-post__bg-wrap\">\n\n\t\t\t\t\n\t\t<div class=\"uael-post__inner-wrap\">\n\n\t\t\t\t<div class=\"uael-post__thumbnail\">\r\n\t\t\t\r\n\t\t\t<a href=\"https:\/\/csrpackpackaging.com\/fr\/the-benefits-of-using-cotton-garment-bags-for-clothing-storage\/\" target=\"_self\" title=\"Les avantages de l&#039;utilisation de sacs \u00e0 v\u00eatements en coton pour le stockage des v\u00eatements\"><img loading=\"lazy\" decoding=\"async\" width=\"750\" height=\"750\" src=\"https:\/\/data.adwebcloud.com\/public\/material\/23032909sriw\/product\/O1CN01rfuIlX1NUwEKAn391_963_1697632378993.jpg\" class=\"attachment-full size-full wp-image-1825\" alt=\"sacs de rangement pour v\u00eatements non tiss\u00e9s\" \/><\/a>\r\n\t\t\t\t\t<\/div>\r\n\t\t\n\t\t\t\n\t\t\t<div class=\"uael-post__content-wrap\">\n\t\t\t\t\t<h2 class=\"uael-post__title\">\r\n\r\n\t\t\r\n\t\t\t\t\t\t<a href=\"https:\/\/csrpackpackaging.com\/fr\/the-benefits-of-using-cotton-garment-bags-for-clothing-storage\/\" target=\"_self\">\r\n\t\t\t\tLes avantages de l'utilisation de sacs \u00e0 v\u00eatements en coton pour le stockage des v\u00eatements\t\t\t<\/a>\r\n\r\n\t\t\t\t<\/h2>\r\n\t\t\t\t\t<div class=\"uael-post__meta-data\">\r\n\t\t\t\t\t<span class=\"uael-post__date\">\r\n\t\t\t\t\t\t\t\t\t\t\t\t\t\t\t\t\t\t\t\t\t\t\r\n\t\t\t2024-04-11\t\t<\/span>\r\n\t\t\t\t<\/div>\r\n\t\t\r\n\t\t<div class=\"uael-post__excerpt\">\r\n\t\t\t<p>Les sacs \u00e0 v\u00eatements en coton constituent une option durable et \u00e9cologique pour le rangement des v\u00eatements. Fabriqu\u00e9s \u00e0 partir de fibres de coton naturelles, ils sont doux, respirants et absorbent l'humidit\u00e9, ce qui les rend id\u00e9aux pour l'emballage de v\u00eatements haut de gamme. Ils sont \u00e9galement hygroscopiques, ce qui favorise la circulation de l'air et emp\u00eache l'accumulation d'humidit\u00e9. Les sacs en coton sont \u00e9galement \u00e9l\u00e9gants et sophistiqu\u00e9s, ce qui les rend adapt\u00e9s \u00e0 l'image de marque et \u00e0 l'attrait du march\u00e9. Ils sont \u00e9galement durables, ce qui r\u00e9duit le gaspillage des ressources par rapport aux mat\u00e9riaux synth\u00e9tiques. Malgr\u00e9 leur durabilit\u00e9, les sacs \u00e0 v\u00eatements en coton sont pratiques, \u00e9l\u00e9gants et respectueux de l'environnement, ce qui en fait un choix populaire dans les secteurs de la vente au d\u00e9tail et de l'habillement.<\/p>\n\t\t<\/div>\r\n\r\n\t\t\t\t\t<a class=\"uael-post__read-more elementor-button\" href=\"https:\/\/csrpackpackaging.com\/fr\/the-benefits-of-using-cotton-garment-bags-for-clothing-storage\/\" target=\"_self\" aria-labelledby=\"uael-post-3212\">\r\n\t\t\t\t\t<span class=\"elementor-button-content-wrapper\">\r\n\t\t\t\t\t\t\t\t\t\t\t\t\t\t<span class=\"elementor-button-icon elementor-align-icon-left\">\r\n\r\n\t\t\t\t\t\t\t\t\t\r\n\t\t\t\t\t\t\t\t<\/span>\r\n\t\t\t\t\t\t\t\t\t\t\t\t\t\r\n\t\t\t\t\t\t<span class=\"elementor-button-text\" id=\"uael-post-3212\">Lire la suite \u2192<\/span>\r\n\t\t\t\t\t<\/span>\r\n\t\t\t\t<\/a>\r\n\t\t\t\t\t\t<\/div>\n\t\t\t\n\t\t<\/div>\n\t\t\n\t<\/div>\n\n<\/div>\n\n<div class=\"uael-post-wrapper   industry-knowledge\">\n\t<div class=\"uael-post__bg-wrap\">\n\n\t\t\t\t\n\t\t<div class=\"uael-post__inner-wrap\">\n\n\t\t\t\t<div class=\"uael-post__thumbnail\">\r\n\t\t\t\r\n\t\t\t<a href=\"https:\/\/csrpackpackaging.com\/fr\/benefits-of-using-cotton-bags\/\" target=\"_self\" title=\"Avantages de l&#039;utilisation de sacs en coton\"><img loading=\"lazy\" decoding=\"async\" width=\"750\" height=\"750\" src=\"https:\/\/csrpackpackaging.com\/wp-content\/uploads\/2024\/03\/HTB1jK5sM6TpK1RjSZKPq6y3UpX0_1681385440213.webp\" class=\"attachment-full size-full wp-image-3191\" alt=\"\" srcset=\"https:\/\/csrpackpackaging.com\/wp-content\/uploads\/2024\/03\/HTB1jK5sM6TpK1RjSZKPq6y3UpX0_1681385440213.webp 750w, https:\/\/csrpackpackaging.com\/wp-content\/uploads\/2024\/03\/HTB1jK5sM6TpK1RjSZKPq6y3UpX0_1681385440213-300x300.webp 300w, https:\/\/csrpackpackaging.com\/wp-content\/uploads\/2024\/03\/HTB1jK5sM6TpK1RjSZKPq6y3UpX0_1681385440213-150x150.webp 150w, https:\/\/csrpackpackaging.com\/wp-content\/uploads\/2024\/03\/HTB1jK5sM6TpK1RjSZKPq6y3UpX0_1681385440213-12x12.webp 12w\" sizes=\"auto, (max-width: 750px) 100vw, 750px\" \/><\/a>\r\n\t\t\t\t\t<\/div>\r\n\t\t\n\t\t\t\n\t\t\t<div class=\"uael-post__content-wrap\">\n\t\t\t\t\t<h2 class=\"uael-post__title\">\r\n\r\n\t\t\r\n\t\t\t\t\t\t<a href=\"https:\/\/csrpackpackaging.com\/fr\/benefits-of-using-cotton-bags\/\" target=\"_self\">\r\n\t\t\t\tAvantages de l'utilisation de sacs en coton\t\t\t<\/a>\r\n\r\n\t\t\t\t<\/h2>\r\n\t\t\t\t\t<div class=\"uael-post__meta-data\">\r\n\t\t\t\t\t<span class=\"uael-post__date\">\r\n\t\t\t\t\t\t\t\t\t\t\t\t\t\t\t\t\t\t\t\t\t\t\r\n\t\t\t2024-03-17\t\t<\/span>\r\n\t\t\t\t<\/div>\r\n\t\t\r\n\t\t<div class=\"uael-post__excerpt\">\r\n\t\t\t<p>La conscience environnementale croissante a conduit \u00e0 une pr\u00e9f\u00e9rence de plus en plus marqu\u00e9e pour les alternatives respectueuses de l'environnement, telles que les sacs en coton. Les sacs en coton sont naturels, leur impact sur l'environnement est minime et ils peuvent \u00eatre recycl\u00e9s, ce qui permet de r\u00e9duire les d\u00e9chets. Ils conviennent au transport de charges importantes et se d\u00e9clinent en diff\u00e9rents mod\u00e8les, ce qui les rend adapt\u00e9s \u00e0 l'usage personnel et aux occasions. Ils pr\u00e9sentent \u00e9galement des avantages \u00e9conomiques pour les entreprises, car ils peuvent \u00eatre utilis\u00e9s comme outils promotionnels et renforcer la visibilit\u00e9 de la marque.<\/p>\n\t\t<\/div>\r\n\r\n\t\t\t\t\t<a class=\"uael-post__read-more elementor-button\" href=\"https:\/\/csrpackpackaging.com\/fr\/benefits-of-using-cotton-bags\/\" target=\"_self\" aria-labelledby=\"uael-post-3192\">\r\n\t\t\t\t\t<span class=\"elementor-button-content-wrapper\">\r\n\t\t\t\t\t\t\t\t\t\t\t\t\t\t<span class=\"elementor-button-icon elementor-align-icon-left\">\r\n\r\n\t\t\t\t\t\t\t\t\t\r\n\t\t\t\t\t\t\t\t<\/span>\r\n\t\t\t\t\t\t\t\t\t\t\t\t\t\r\n\t\t\t\t\t\t<span class=\"elementor-button-text\" id=\"uael-post-3192\">Lire la suite \u2192<\/span>\r\n\t\t\t\t\t<\/span>\r\n\t\t\t\t<\/a>\r\n\t\t\t\t\t\t<\/div>\n\t\t\t\n\t\t<\/div>\n\t\t\n\t<\/div>\n\n<\/div>\n\t\t\t\t<\/div>\r\n\t\t\t\t\t\t\r\n\t\t<\/div>\r\n\r\n\t\t\t\t\t\t<\/div>\r\n\t\t<div class=\"uael-post__footer\">\r\n\t\t\t\t\t\t<nav class=\"uael-grid-pagination\"  role=\"navigation\" aria-label=\"Pagination\" data-total=\"4\" data-next-page=\"2\">\r\n\t\t\t\t<span aria-current=\"page\" class=\"page-numbers current\">1<\/span>\n<a class=\"page-numbers\" href=\"https:\/\/csrpackpackaging.com\/wp-json\/wp\/v2\/pages\/1291\/page\/2\/\">2<\/a>\n<a class=\"page-numbers\" href=\"https:\/\/csrpackpackaging.com\/wp-json\/wp\/v2\/pages\/1291\/page\/3\/\">3<\/a>\n<a class=\"page-numbers\" href=\"https:\/\/csrpackpackaging.com\/wp-json\/wp\/v2\/pages\/1291\/page\/4\/\">4<\/a>\n<a class=\"next page-numbers\" href=\"https:\/\/csrpackpackaging.com\/wp-json\/wp\/v2\/pages\/1291\/page\/2\/\">Suivant\u00a0\u00bb<\/a>\t\t\t<\/nav>\r\n\t\t\t\t\t<\/div>\r\n\t\t\t\t<\/div>\n\t\t\t\t<\/div>\n\t\t\t\t\t<\/div>\n\t\t<\/div>\n\t\t\t\t\t\t\t<\/div>\n\t\t<\/section>\n\t\t\t\t\t\t\t<\/div>","protected":false},"excerpt":{"rendered":"<p>A Comprehensive Guide to the Best Laptop Backpacks for Work 2023-12-12 The work laptop backpack landscape has evolved beyond mere functionality into a realm where design, technology, and organizational excellence converge. As professionals meet the demands of a dynamic work environment, laptop backpack selection becomes a strategic decision that can increase efficiency, reflect personal style, [&hellip;]<\/p>","protected":false},"author":1,"featured_media":0,"parent":0,"menu_order":0,"comment_status":"closed","ping_status":"closed","template":"","meta":{"footnotes":""},"class_list":["post-1291","page","type-page","status-publish","hentry"],"acf":[],"_links":{"self":[{"href":"https:\/\/csrpackpackaging.com\/fr\/wp-json\/wp\/v2\/pages\/1291","targetHints":{"allow":["GET"]}}],"collection":[{"href":"https:\/\/csrpackpackaging.com\/fr\/wp-json\/wp\/v2\/pages"}],"about":[{"href":"https:\/\/csrpackpackaging.com\/fr\/wp-json\/wp\/v2\/types\/page"}],"author":[{"embeddable":true,"href":"https:\/\/csrpackpackaging.com\/fr\/wp-json\/wp\/v2\/users\/1"}],"replies":[{"embeddable":true,"href":"https:\/\/csrpackpackaging.com\/fr\/wp-json\/wp\/v2\/comments?post=1291"}],"version-history":[{"count":0,"href":"https:\/\/csrpackpackaging.com\/fr\/wp-json\/wp\/v2\/pages\/1291\/revisions"}],"wp:attachment":[{"href":"https:\/\/csrpackpackaging.com\/fr\/wp-json\/wp\/v2\/media?parent=1291"}],"curies":[{"name":"wp","href":"https:\/\/api.w.org\/{rel}","templated":true}]}}