{"id":1291,"date":"2023-10-07T15:12:33","date_gmt":"2023-10-07T07:12:33","guid":{"rendered":"https:\/\/www.csrpackpackaging.com\/?page_id=1291"},"modified":"2023-12-21T11:21:43","modified_gmt":"2023-12-21T03:21:43","slug":"blog","status":"publish","type":"page","link":"https:\/\/csrpackpackaging.com\/es\/blog\/","title":{"rendered":"Blog"},"content":{"rendered":"<div data-elementor-type=\"wp-page\" data-elementor-id=\"1291\" class=\"elementor elementor-1291\">\n\t\t\t\t\t\t\t\t\t<section class=\"elementor-section elementor-top-section elementor-element elementor-element-f764872 elementor-section-height-min-height elementor-section-boxed elementor-section-height-default elementor-section-items-middle\" data-id=\"f764872\" data-element_type=\"section\" data-settings=\"{&quot;background_background&quot;:&quot;classic&quot;}\">\n\t\t\t\t\t\t<div class=\"elementor-container elementor-column-gap-default\">\n\t\t\t\t\t<div class=\"elementor-column elementor-col-100 elementor-top-column elementor-element elementor-element-65855aa\" data-id=\"65855aa\" data-element_type=\"column\">\n\t\t\t<div class=\"elementor-widget-wrap elementor-element-populated\">\n\t\t\t\t\t\t\t\t\t<\/div>\n\t\t<\/div>\n\t\t\t\t\t\t\t<\/div>\n\t\t<\/section>\n\t\t\t\t<section class=\"elementor-section elementor-top-section elementor-element elementor-element-51cfd56 elementor-section-boxed elementor-section-height-default elementor-section-height-default\" data-id=\"51cfd56\" data-element_type=\"section\">\n\t\t\t\t\t\t<div class=\"elementor-container elementor-column-gap-default\">\n\t\t\t\t\t<div class=\"elementor-column elementor-col-100 elementor-top-column elementor-element elementor-element-da627ff\" data-id=\"da627ff\" data-element_type=\"column\">\n\t\t\t<div class=\"elementor-widget-wrap elementor-element-populated\">\n\t\t\t\t\t\t\t\t<div class=\"elementor-element elementor-element-9d364e2 elementor-widget elementor-widget-shortcode\" data-id=\"9d364e2\" data-element_type=\"widget\" data-widget_type=\"shortcode.default\">\n\t\t\t\t<div class=\"elementor-widget-container\">\n\t\t\t\t\t<div class=\"elementor-shortcode\">\t\t\t<!-- Flexy Breadcrumb -->\r\n\t\t\t<div class=\"fbc fbc-page\">\r\n\r\n\t\t\t\t<!-- Breadcrumb wrapper -->\r\n\t\t\t\t<div class=\"fbc-wrap\">\r\n\r\n\t\t\t\t\t<!-- Ordered list-->\r\n\t\t\t\t\t<ol class=\"fbc-items\" itemscope itemtype=\"https:\/\/schema.org\/BreadcrumbList\">\r\n\t\t\t\t\t\t            <li itemprop=\"itemListElement\" itemscope itemtype=\"https:\/\/schema.org\/ListItem\">\r\n                <span itemprop=\"name\">\r\n                    <!-- Home Link -->\r\n                    <a itemprop=\"item\" href=\"https:\/\/csrpackpackaging.com\/es\/\">\r\n                    \r\n                                                    <i class=\"fa fa-home\" aria-hidden=\"true\"><\/i>Inicio                    <\/a>\r\n                <\/span>\r\n                <meta itemprop=\"position\" content=\"1\" \/><!-- Meta Position-->\r\n             <\/li><li><span class=\"fbc-separator\">\/<\/span><\/li><li class=\"active\" itemprop=\"itemListElement\" itemscope itemtype=\"https:\/\/schema.org\/ListItem\"><span itemprop=\"name\" title=\"Blog\">Blog<\/span><meta itemprop=\"position\" content=\"2\" \/><\/li>\t\t\t\t\t<\/ol>\r\n\t\t\t\t\t<div class=\"clearfix\"><\/div>\r\n\t\t\t\t<\/div>\r\n\t\t\t<\/div>\r\n\t\t\t<\/div>\n\t\t\t\t<\/div>\n\t\t\t\t<\/div>\n\t\t\t\t\t<\/div>\n\t\t<\/div>\n\t\t\t\t\t\t\t<\/div>\n\t\t<\/section>\n\t\t\t\t<section class=\"elementor-section elementor-top-section elementor-element elementor-element-affd8bd elementor-section-boxed elementor-section-height-default elementor-section-height-default\" data-id=\"affd8bd\" data-element_type=\"section\">\n\t\t\t\t\t\t<div class=\"elementor-container elementor-column-gap-default\">\n\t\t\t\t\t<div class=\"elementor-column elementor-col-100 elementor-top-column elementor-element elementor-element-9c320b8\" data-id=\"9c320b8\" data-element_type=\"column\">\n\t\t\t<div class=\"elementor-widget-wrap elementor-element-populated\">\n\t\t\t\t\t\t\t\t<div class=\"elementor-element elementor-element-9591460 elementor-widget elementor-widget-uael-posts\" data-id=\"9591460\" data-element_type=\"widget\" data-settings=\"{&quot;classic_pagination_type&quot;:&quot;normal&quot;,&quot;classic_slides_to_show&quot;:3,&quot;classic_slides_to_show_tablet&quot;:2,&quot;classic_slides_to_show_mobile&quot;:1}\" data-widget_type=\"uael-posts.classic\">\n\t\t\t\t<div class=\"elementor-widget-container\">\n\t\t\t\t\t<div class=\"uael-post__header\">\r\n\t\t\t\t\t<\/div>\r\n\t\t<div class=\"uael-post__body\">\r\n\t\t\t\r\n\t\t\r\n\t\t<div class=\"uael-blog-terms-position- uael-post-image-top uael-post-grid uael-posts\" data-query-type=\"custom\" data-structure=\"normal\" data-layout=\"\" data-page=\"1291\" data-skin=\"classic\" data-filter-default=\"\" data-offset-top=\"30\" >\r\n\r\n\t\t\t\t\t\t\t<div class=\"uael-post-grid__inner uael-post__columns-3 uael-post__columns-tablet-2 uael-post__columns-mobile-1\">\r\n\t\t\t\n<div class=\"uael-post-wrapper   blog\">\n\t<div class=\"uael-post__bg-wrap\">\n\n\t\t\t\t\n\t\t<div class=\"uael-post__inner-wrap\">\n\n\t\t\t\t<div class=\"uael-post__thumbnail\">\r\n\t\t\t\r\n\t\t\t<a href=\"https:\/\/csrpackpackaging.com\/es\/the-ultimate-guide-to-custom-suit-packaging-boxes\/\" target=\"_self\" title=\"The Ultimate Guide to Custom Suit Packaging Boxes\"><img loading=\"lazy\" decoding=\"async\" width=\"1080\" height=\"1080\" src=\"https:\/\/csrpackpackaging.com\/wp-content\/uploads\/2025\/04\/Suit-corrugated-box-5.webp\" class=\"attachment-full size-full wp-image-4101\" alt=\"Suit corrugated box (5)\" srcset=\"https:\/\/csrpackpackaging.com\/wp-content\/uploads\/2025\/04\/Suit-corrugated-box-5.webp 1080w, https:\/\/csrpackpackaging.com\/wp-content\/uploads\/2025\/04\/Suit-corrugated-box-5-300x300.webp 300w, https:\/\/csrpackpackaging.com\/wp-content\/uploads\/2025\/04\/Suit-corrugated-box-5-1024x1024.webp 1024w, https:\/\/csrpackpackaging.com\/wp-content\/uploads\/2025\/04\/Suit-corrugated-box-5-150x150.webp 150w, https:\/\/csrpackpackaging.com\/wp-content\/uploads\/2025\/04\/Suit-corrugated-box-5-768x768.webp 768w, https:\/\/csrpackpackaging.com\/wp-content\/uploads\/2025\/04\/Suit-corrugated-box-5-12x12.webp 12w\" sizes=\"auto, (max-width: 1080px) 100vw, 1080px\" \/><\/a>\r\n\t\t\t\t\t<\/div>\r\n\t\t\n\t\t\t\n\t\t\t<div class=\"uael-post__content-wrap\">\n\t\t\t\t\t<h2 class=\"uael-post__title\">\r\n\r\n\t\t\r\n\t\t\t\t\t\t<a href=\"https:\/\/csrpackpackaging.com\/es\/the-ultimate-guide-to-custom-suit-packaging-boxes\/\" target=\"_self\">\r\n\t\t\t\tThe Ultimate Guide to Custom Suit Packaging Boxes\t\t\t<\/a>\r\n\r\n\t\t\t\t<\/h2>\r\n\t\t\t\t\t<div class=\"uael-post__meta-data\">\r\n\t\t\t\t\t<span class=\"uael-post__date\">\r\n\t\t\t\t\t\t\t\t\t\t\t\t\t\t\t\t\t\t\t\t\t\t\r\n\t\t\t2025-04-03\t\t<\/span>\r\n\t\t\t\t<\/div>\r\n\t\t\r\n\t\t<div class=\"uael-post__excerpt\">\r\n\t\t\t<p>In the high-end fashion market, a suit is not just a symbol of identity; it is also a carrier of craftsmanship and aesthetics. However, if &#8230;<\/p>\n\t\t<\/div>\r\n\r\n\t\t\t\t\t<a class=\"uael-post__read-more elementor-button\" href=\"https:\/\/csrpackpackaging.com\/es\/the-ultimate-guide-to-custom-suit-packaging-boxes\/\" target=\"_self\" aria-labelledby=\"uael-post-4109\">\r\n\t\t\t\t\t<span class=\"elementor-button-content-wrapper\">\r\n\t\t\t\t\t\t\t\t\t\t\t\t\t\t<span class=\"elementor-button-icon elementor-align-icon-left\">\r\n\r\n\t\t\t\t\t\t\t\t\t\r\n\t\t\t\t\t\t\t\t<\/span>\r\n\t\t\t\t\t\t\t\t\t\t\t\t\t\r\n\t\t\t\t\t\t<span class=\"elementor-button-text\" id=\"uael-post-4109\">Leer m\u00e1s \u2192<\/span>\r\n\t\t\t\t\t<\/span>\r\n\t\t\t\t<\/a>\r\n\t\t\t\t\t\t<\/div>\n\t\t\t\n\t\t<\/div>\n\t\t\n\t<\/div>\n\n<\/div>\n\n<div class=\"uael-post-wrapper   industry-knowledge\">\n\t<div class=\"uael-post__bg-wrap\">\n\n\t\t\t\t\n\t\t<div class=\"uael-post__inner-wrap\">\n\n\t\t\t\t<div class=\"uael-post__thumbnail\">\r\n\t\t\t\r\n\t\t\t<a href=\"https:\/\/csrpackpackaging.com\/es\/what-are-the-benefits-of-using-garment-bags\/\" target=\"_self\" title=\"\u00bfQu\u00e9 ventajas tiene el uso de portatrajes?\"><img loading=\"lazy\" decoding=\"async\" width=\"800\" height=\"800\" src=\"https:\/\/csrpackpackaging.com\/wp-content\/uploads\/2024\/07\/O1CN01vaSiZy1NUw7IdYERa_963b_1697635059262.jpg\" class=\"attachment-full size-full wp-image-3235\" alt=\"\" srcset=\"https:\/\/csrpackpackaging.com\/wp-content\/uploads\/2024\/07\/O1CN01vaSiZy1NUw7IdYERa_963b_1697635059262.jpg 800w, https:\/\/csrpackpackaging.com\/wp-content\/uploads\/2024\/07\/O1CN01vaSiZy1NUw7IdYERa_963b_1697635059262-300x300.jpg 300w, https:\/\/csrpackpackaging.com\/wp-content\/uploads\/2024\/07\/O1CN01vaSiZy1NUw7IdYERa_963b_1697635059262-150x150.jpg 150w, https:\/\/csrpackpackaging.com\/wp-content\/uploads\/2024\/07\/O1CN01vaSiZy1NUw7IdYERa_963b_1697635059262-768x768.jpg 768w, https:\/\/csrpackpackaging.com\/wp-content\/uploads\/2024\/07\/O1CN01vaSiZy1NUw7IdYERa_963b_1697635059262-12x12.jpg 12w\" sizes=\"auto, (max-width: 800px) 100vw, 800px\" \/><\/a>\r\n\t\t\t\t\t<\/div>\r\n\t\t\n\t\t\t\n\t\t\t<div class=\"uael-post__content-wrap\">\n\t\t\t\t\t<h2 class=\"uael-post__title\">\r\n\r\n\t\t\r\n\t\t\t\t\t\t<a href=\"https:\/\/csrpackpackaging.com\/es\/what-are-the-benefits-of-using-garment-bags\/\" target=\"_self\">\r\n\t\t\t\t\u00bfQu\u00e9 ventajas tiene el uso de portatrajes?\t\t\t<\/a>\r\n\r\n\t\t\t\t<\/h2>\r\n\t\t\t\t\t<div class=\"uael-post__meta-data\">\r\n\t\t\t\t\t<span class=\"uael-post__date\">\r\n\t\t\t\t\t\t\t\t\t\t\t\t\t\t\t\t\t\t\t\t\t\t\r\n\t\t\t2024-07-11\t\t<\/span>\r\n\t\t\t\t<\/div>\r\n\t\t\r\n\t\t<div class=\"uael-post__excerpt\">\r\n\t\t\t<p>Los portatrajes no son s\u00f3lo para los amantes de la moda o los viajeros. Tanto si tiene un armario peque\u00f1o como una amplia colecci\u00f3n de ropa, el uso de portatrajes ofrece numerosas ventajas. En este art\u00edculo analizaremos las ventajas de utilizar portatrajes y le recomendaremos los mejores del mercado.<\/p>\n\t\t<\/div>\r\n\r\n\t\t\t\t\t<a class=\"uael-post__read-more elementor-button\" href=\"https:\/\/csrpackpackaging.com\/es\/what-are-the-benefits-of-using-garment-bags\/\" target=\"_self\" aria-labelledby=\"uael-post-3236\">\r\n\t\t\t\t\t<span class=\"elementor-button-content-wrapper\">\r\n\t\t\t\t\t\t\t\t\t\t\t\t\t\t<span class=\"elementor-button-icon elementor-align-icon-left\">\r\n\r\n\t\t\t\t\t\t\t\t\t\r\n\t\t\t\t\t\t\t\t<\/span>\r\n\t\t\t\t\t\t\t\t\t\t\t\t\t\r\n\t\t\t\t\t\t<span class=\"elementor-button-text\" id=\"uael-post-3236\">Leer m\u00e1s \u2192<\/span>\r\n\t\t\t\t\t<\/span>\r\n\t\t\t\t<\/a>\r\n\t\t\t\t\t\t<\/div>\n\t\t\t\n\t\t<\/div>\n\t\t\n\t<\/div>\n\n<\/div>\n\n<div class=\"uael-post-wrapper   industry-knowledge\">\n\t<div class=\"uael-post__bg-wrap\">\n\n\t\t\t\t\n\t\t<div class=\"uael-post__inner-wrap\">\n\n\t\t\t\t<div class=\"uael-post__thumbnail\">\r\n\t\t\t\r\n\t\t\t<a href=\"https:\/\/csrpackpackaging.com\/es\/what-is-cotton-shopping-bags\/\" target=\"_self\" title=\"Qu\u00e9 son las bolsas de la compra de algod\u00f3n\uff1f\"><img loading=\"lazy\" decoding=\"async\" width=\"790\" height=\"790\" src=\"https:\/\/csrpackpackaging.com\/wp-content\/uploads\/2024\/07\/O1CN0195PVdo26l6qhnExJf_169b_1697621209082.jpg\" class=\"attachment-full size-full wp-image-3233\" alt=\"\" srcset=\"https:\/\/csrpackpackaging.com\/wp-content\/uploads\/2024\/07\/O1CN0195PVdo26l6qhnExJf_169b_1697621209082.jpg 790w, https:\/\/csrpackpackaging.com\/wp-content\/uploads\/2024\/07\/O1CN0195PVdo26l6qhnExJf_169b_1697621209082-300x300.jpg 300w, https:\/\/csrpackpackaging.com\/wp-content\/uploads\/2024\/07\/O1CN0195PVdo26l6qhnExJf_169b_1697621209082-150x150.jpg 150w, https:\/\/csrpackpackaging.com\/wp-content\/uploads\/2024\/07\/O1CN0195PVdo26l6qhnExJf_169b_1697621209082-768x768.jpg 768w, https:\/\/csrpackpackaging.com\/wp-content\/uploads\/2024\/07\/O1CN0195PVdo26l6qhnExJf_169b_1697621209082-12x12.jpg 12w\" sizes=\"auto, (max-width: 790px) 100vw, 790px\" \/><\/a>\r\n\t\t\t\t\t<\/div>\r\n\t\t\n\t\t\t\n\t\t\t<div class=\"uael-post__content-wrap\">\n\t\t\t\t\t<h2 class=\"uael-post__title\">\r\n\r\n\t\t\r\n\t\t\t\t\t\t<a href=\"https:\/\/csrpackpackaging.com\/es\/what-is-cotton-shopping-bags\/\" target=\"_self\">\r\n\t\t\t\tQu\u00e9 son las bolsas de la compra de algod\u00f3n\uff1f\t\t\t<\/a>\r\n\r\n\t\t\t\t<\/h2>\r\n\t\t\t\t\t<div class=\"uael-post__meta-data\">\r\n\t\t\t\t\t<span class=\"uael-post__date\">\r\n\t\t\t\t\t\t\t\t\t\t\t\t\t\t\t\t\t\t\t\t\t\t\r\n\t\t\t2024-04-19\t\t<\/span>\r\n\t\t\t\t<\/div>\r\n\t\t\r\n\t\t<div class=\"uael-post__excerpt\">\r\n\t\t\t<p>Las bolsas de la compra de algod\u00f3n son bolsas fabricadas con tejidos de hilo de algod\u00f3n. Gracias a su mayor higroscopicidad, permeabilidad al aire, resistencia al calor y limpieza, las bolsas de la compra de algod\u00f3n se han convertido en una opci\u00f3n popular para las compras diarias de muchas personas. Adem\u00e1s, cada vez m\u00e1s personas eligen las bolsas de la compra de algod\u00f3n por ser un material sostenible que se degrada de forma natural y no contamina el medio ambiente, sobre todo teniendo en cuenta la creciente popularidad de la protecci\u00f3n del medio ambiente.<\/p>\n\t\t<\/div>\r\n\r\n\t\t\t\t\t<a class=\"uael-post__read-more elementor-button\" href=\"https:\/\/csrpackpackaging.com\/es\/what-is-cotton-shopping-bags\/\" target=\"_self\" aria-labelledby=\"uael-post-3216\">\r\n\t\t\t\t\t<span class=\"elementor-button-content-wrapper\">\r\n\t\t\t\t\t\t\t\t\t\t\t\t\t\t<span class=\"elementor-button-icon elementor-align-icon-left\">\r\n\r\n\t\t\t\t\t\t\t\t\t\r\n\t\t\t\t\t\t\t\t<\/span>\r\n\t\t\t\t\t\t\t\t\t\t\t\t\t\r\n\t\t\t\t\t\t<span class=\"elementor-button-text\" id=\"uael-post-3216\">Leer m\u00e1s \u2192<\/span>\r\n\t\t\t\t\t<\/span>\r\n\t\t\t\t<\/a>\r\n\t\t\t\t\t\t<\/div>\n\t\t\t\n\t\t<\/div>\n\t\t\n\t<\/div>\n\n<\/div>\n\n<div class=\"uael-post-wrapper   industry-knowledge\">\n\t<div class=\"uael-post__bg-wrap\">\n\n\t\t\t\t\n\t\t<div class=\"uael-post__inner-wrap\">\n\n\t\t\t\t<div class=\"uael-post__thumbnail\">\r\n\t\t\t\r\n\t\t\t<a href=\"https:\/\/csrpackpackaging.com\/es\/what-is-luxury-garment-covers-for-dresses\/\" target=\"_self\" title=\"qu\u00e9 son las fundas de lujo para vestidos\"><img loading=\"lazy\" decoding=\"async\" width=\"800\" height=\"800\" src=\"https:\/\/csrpackpackaging.com\/wp-content\/uploads\/2024\/04\/O1CN01QGNHuL1NUwGAsU2St_963_1697630261865.jpg\" class=\"attachment-full size-full wp-image-3213\" alt=\"\" srcset=\"https:\/\/csrpackpackaging.com\/wp-content\/uploads\/2024\/04\/O1CN01QGNHuL1NUwGAsU2St_963_1697630261865.jpg 800w, https:\/\/csrpackpackaging.com\/wp-content\/uploads\/2024\/04\/O1CN01QGNHuL1NUwGAsU2St_963_1697630261865-300x300.jpg 300w, https:\/\/csrpackpackaging.com\/wp-content\/uploads\/2024\/04\/O1CN01QGNHuL1NUwGAsU2St_963_1697630261865-150x150.jpg 150w, https:\/\/csrpackpackaging.com\/wp-content\/uploads\/2024\/04\/O1CN01QGNHuL1NUwGAsU2St_963_1697630261865-768x768.jpg 768w, https:\/\/csrpackpackaging.com\/wp-content\/uploads\/2024\/04\/O1CN01QGNHuL1NUwGAsU2St_963_1697630261865-12x12.jpg 12w\" sizes=\"auto, (max-width: 800px) 100vw, 800px\" \/><\/a>\r\n\t\t\t\t\t<\/div>\r\n\t\t\n\t\t\t\n\t\t\t<div class=\"uael-post__content-wrap\">\n\t\t\t\t\t<h2 class=\"uael-post__title\">\r\n\r\n\t\t\r\n\t\t\t\t\t\t<a href=\"https:\/\/csrpackpackaging.com\/es\/what-is-luxury-garment-covers-for-dresses\/\" target=\"_self\">\r\n\t\t\t\tqu\u00e9 son las fundas de lujo para vestidos\t\t\t<\/a>\r\n\r\n\t\t\t\t<\/h2>\r\n\t\t\t\t\t<div class=\"uael-post__meta-data\">\r\n\t\t\t\t\t<span class=\"uael-post__date\">\r\n\t\t\t\t\t\t\t\t\t\t\t\t\t\t\t\t\t\t\t\t\t\t\r\n\t\t\t2024-04-19\t\t<\/span>\r\n\t\t\t\t<\/div>\r\n\t\t\r\n\t\t<div class=\"uael-post__excerpt\">\r\n\t\t\t<p>Los equipos de protecci\u00f3n elegantes y a la moda, como las fundas de lujo para batas, son esenciales para guardar y transportar batas y otras prendas delicadas. Proporcionan un cuidado integral a prendas de valor incalculable y son mucho m\u00e1s que simples fundas.<\/p>\n\t\t<\/div>\r\n\r\n\t\t\t\t\t<a class=\"uael-post__read-more elementor-button\" href=\"https:\/\/csrpackpackaging.com\/es\/what-is-luxury-garment-covers-for-dresses\/\" target=\"_self\" aria-labelledby=\"uael-post-3214\">\r\n\t\t\t\t\t<span class=\"elementor-button-content-wrapper\">\r\n\t\t\t\t\t\t\t\t\t\t\t\t\t\t<span class=\"elementor-button-icon elementor-align-icon-left\">\r\n\r\n\t\t\t\t\t\t\t\t\t\r\n\t\t\t\t\t\t\t\t<\/span>\r\n\t\t\t\t\t\t\t\t\t\t\t\t\t\r\n\t\t\t\t\t\t<span class=\"elementor-button-text\" id=\"uael-post-3214\">Leer m\u00e1s \u2192<\/span>\r\n\t\t\t\t\t<\/span>\r\n\t\t\t\t<\/a>\r\n\t\t\t\t\t\t<\/div>\n\t\t\t\n\t\t<\/div>\n\t\t\n\t<\/div>\n\n<\/div>\n\n<div class=\"uael-post-wrapper   industry-knowledge\">\n\t<div class=\"uael-post__bg-wrap\">\n\n\t\t\t\t\n\t\t<div class=\"uael-post__inner-wrap\">\n\n\t\t\t\t<div class=\"uael-post__thumbnail\">\r\n\t\t\t\r\n\t\t\t<a href=\"https:\/\/csrpackpackaging.com\/es\/the-benefits-of-using-cotton-garment-bags-for-clothing-storage\/\" target=\"_self\" title=\"Ventajas de utilizar bolsas de algod\u00f3n para guardar la ropa\"><img loading=\"lazy\" decoding=\"async\" width=\"750\" height=\"750\" src=\"https:\/\/data.adwebcloud.com\/public\/material\/23032909sriw\/product\/O1CN01rfuIlX1NUwEKAn391_963_1697632378993.jpg\" class=\"attachment-full size-full wp-image-1825\" alt=\"bolsas no tejidas para ropa\" \/><\/a>\r\n\t\t\t\t\t<\/div>\r\n\t\t\n\t\t\t\n\t\t\t<div class=\"uael-post__content-wrap\">\n\t\t\t\t\t<h2 class=\"uael-post__title\">\r\n\r\n\t\t\r\n\t\t\t\t\t\t<a href=\"https:\/\/csrpackpackaging.com\/es\/the-benefits-of-using-cotton-garment-bags-for-clothing-storage\/\" target=\"_self\">\r\n\t\t\t\tVentajas de utilizar bolsas de algod\u00f3n para guardar la ropa\t\t\t<\/a>\r\n\r\n\t\t\t\t<\/h2>\r\n\t\t\t\t\t<div class=\"uael-post__meta-data\">\r\n\t\t\t\t\t<span class=\"uael-post__date\">\r\n\t\t\t\t\t\t\t\t\t\t\t\t\t\t\t\t\t\t\t\t\t\t\r\n\t\t\t2024-04-11\t\t<\/span>\r\n\t\t\t\t<\/div>\r\n\t\t\r\n\t\t<div class=\"uael-post__excerpt\">\r\n\t\t\t<p>Las bolsas para ropa de algod\u00f3n son una opci\u00f3n sostenible y ecol\u00f3gica para guardar la ropa. Fabricadas con fibras de algod\u00f3n natural, son suaves, transpirables y absorben la humedad, lo que las hace ideales para el embalaje de prendas de vestir de lujo. Tambi\u00e9n son higrosc\u00f3picas, lo que permite la circulaci\u00f3n del aire y evita la acumulaci\u00f3n de humedad. Las bolsas de algod\u00f3n tambi\u00e9n son elegantes y sofisticadas, lo que las hace adecuadas para la imagen de marca y el atractivo del mercado. Tambi\u00e9n son duraderas, lo que reduce el desperdicio de recursos en comparaci\u00f3n con los materiales sint\u00e9ticos. A pesar de su durabilidad, las bolsas de algod\u00f3n para prendas de vestir ofrecen practicidad, estilo y preservaci\u00f3n del medio ambiente, lo que las convierte en una opci\u00f3n popular en los sectores minorista y de la confecci\u00f3n.<\/p>\n\t\t<\/div>\r\n\r\n\t\t\t\t\t<a class=\"uael-post__read-more elementor-button\" href=\"https:\/\/csrpackpackaging.com\/es\/the-benefits-of-using-cotton-garment-bags-for-clothing-storage\/\" target=\"_self\" aria-labelledby=\"uael-post-3212\">\r\n\t\t\t\t\t<span class=\"elementor-button-content-wrapper\">\r\n\t\t\t\t\t\t\t\t\t\t\t\t\t\t<span class=\"elementor-button-icon elementor-align-icon-left\">\r\n\r\n\t\t\t\t\t\t\t\t\t\r\n\t\t\t\t\t\t\t\t<\/span>\r\n\t\t\t\t\t\t\t\t\t\t\t\t\t\r\n\t\t\t\t\t\t<span class=\"elementor-button-text\" id=\"uael-post-3212\">Leer m\u00e1s \u2192<\/span>\r\n\t\t\t\t\t<\/span>\r\n\t\t\t\t<\/a>\r\n\t\t\t\t\t\t<\/div>\n\t\t\t\n\t\t<\/div>\n\t\t\n\t<\/div>\n\n<\/div>\n\n<div class=\"uael-post-wrapper   industry-knowledge\">\n\t<div class=\"uael-post__bg-wrap\">\n\n\t\t\t\t\n\t\t<div class=\"uael-post__inner-wrap\">\n\n\t\t\t\t<div class=\"uael-post__thumbnail\">\r\n\t\t\t\r\n\t\t\t<a href=\"https:\/\/csrpackpackaging.com\/es\/benefits-of-using-cotton-bags\/\" target=\"_self\" title=\"Ventajas del uso de bolsas de algod\u00f3n\"><img loading=\"lazy\" decoding=\"async\" width=\"750\" height=\"750\" src=\"https:\/\/csrpackpackaging.com\/wp-content\/uploads\/2024\/03\/HTB1jK5sM6TpK1RjSZKPq6y3UpX0_1681385440213.webp\" class=\"attachment-full size-full wp-image-3191\" alt=\"\" srcset=\"https:\/\/csrpackpackaging.com\/wp-content\/uploads\/2024\/03\/HTB1jK5sM6TpK1RjSZKPq6y3UpX0_1681385440213.webp 750w, https:\/\/csrpackpackaging.com\/wp-content\/uploads\/2024\/03\/HTB1jK5sM6TpK1RjSZKPq6y3UpX0_1681385440213-300x300.webp 300w, https:\/\/csrpackpackaging.com\/wp-content\/uploads\/2024\/03\/HTB1jK5sM6TpK1RjSZKPq6y3UpX0_1681385440213-150x150.webp 150w, https:\/\/csrpackpackaging.com\/wp-content\/uploads\/2024\/03\/HTB1jK5sM6TpK1RjSZKPq6y3UpX0_1681385440213-12x12.webp 12w\" sizes=\"auto, (max-width: 750px) 100vw, 750px\" \/><\/a>\r\n\t\t\t\t\t<\/div>\r\n\t\t\n\t\t\t\n\t\t\t<div class=\"uael-post__content-wrap\">\n\t\t\t\t\t<h2 class=\"uael-post__title\">\r\n\r\n\t\t\r\n\t\t\t\t\t\t<a href=\"https:\/\/csrpackpackaging.com\/es\/benefits-of-using-cotton-bags\/\" target=\"_self\">\r\n\t\t\t\tVentajas del uso de bolsas de algod\u00f3n\t\t\t<\/a>\r\n\r\n\t\t\t\t<\/h2>\r\n\t\t\t\t\t<div class=\"uael-post__meta-data\">\r\n\t\t\t\t\t<span class=\"uael-post__date\">\r\n\t\t\t\t\t\t\t\t\t\t\t\t\t\t\t\t\t\t\t\t\t\t\r\n\t\t\t2024-03-17\t\t<\/span>\r\n\t\t\t\t<\/div>\r\n\t\t\r\n\t\t<div class=\"uael-post__excerpt\">\r\n\t\t\t<p>La creciente conciencia medioambiental ha hecho que cada vez se prefieran m\u00e1s alternativas respetuosas con el medio ambiente, como las bolsas de algod\u00f3n. Las bolsas de algod\u00f3n son naturales, requieren un impacto ambiental m\u00ednimo y pueden reciclarse, reduciendo los residuos. Son adecuadas para transportar grandes cargas y est\u00e1n disponibles en varios dise\u00f1os, lo que las hace apropiadas para uso personal y para ocasiones especiales. Tambi\u00e9n tienen ventajas econ\u00f3micas para las empresas, ya que pueden utilizarse como herramientas promocionales y pueden aumentar la visibilidad de la marca.<\/p>\n\t\t<\/div>\r\n\r\n\t\t\t\t\t<a class=\"uael-post__read-more elementor-button\" href=\"https:\/\/csrpackpackaging.com\/es\/benefits-of-using-cotton-bags\/\" target=\"_self\" aria-labelledby=\"uael-post-3192\">\r\n\t\t\t\t\t<span class=\"elementor-button-content-wrapper\">\r\n\t\t\t\t\t\t\t\t\t\t\t\t\t\t<span class=\"elementor-button-icon elementor-align-icon-left\">\r\n\r\n\t\t\t\t\t\t\t\t\t\r\n\t\t\t\t\t\t\t\t<\/span>\r\n\t\t\t\t\t\t\t\t\t\t\t\t\t\r\n\t\t\t\t\t\t<span class=\"elementor-button-text\" id=\"uael-post-3192\">Leer m\u00e1s \u2192<\/span>\r\n\t\t\t\t\t<\/span>\r\n\t\t\t\t<\/a>\r\n\t\t\t\t\t\t<\/div>\n\t\t\t\n\t\t<\/div>\n\t\t\n\t<\/div>\n\n<\/div>\n\t\t\t\t<\/div>\r\n\t\t\t\t\t\t\r\n\t\t<\/div>\r\n\r\n\t\t\t\t\t\t<\/div>\r\n\t\t<div class=\"uael-post__footer\">\r\n\t\t\t\t\t\t<nav class=\"uael-grid-pagination\"  role=\"navigation\" aria-label=\"Pagination\" data-total=\"4\" data-next-page=\"2\">\r\n\t\t\t\t<span aria-current=\"page\" class=\"page-numbers current\">1<\/span>\n<a class=\"page-numbers\" href=\"https:\/\/csrpackpackaging.com\/wp-json\/wp\/v2\/pages\/1291\/page\/2\/\">2<\/a>\n<a class=\"page-numbers\" href=\"https:\/\/csrpackpackaging.com\/wp-json\/wp\/v2\/pages\/1291\/page\/3\/\">3<\/a>\n<a class=\"page-numbers\" href=\"https:\/\/csrpackpackaging.com\/wp-json\/wp\/v2\/pages\/1291\/page\/4\/\">4<\/a>\n<a class=\"next page-numbers\" href=\"https:\/\/csrpackpackaging.com\/wp-json\/wp\/v2\/pages\/1291\/page\/2\/\">Siguiente &raquo;<\/a>\t\t\t<\/nav>\r\n\t\t\t\t\t<\/div>\r\n\t\t\t\t<\/div>\n\t\t\t\t<\/div>\n\t\t\t\t\t<\/div>\n\t\t<\/div>\n\t\t\t\t\t\t\t<\/div>\n\t\t<\/section>\n\t\t\t\t\t\t\t<\/div>","protected":false},"excerpt":{"rendered":"<p>A Comprehensive Guide to the Best Laptop Backpacks for Work 2023-12-12 The work laptop backpack landscape has evolved beyond mere functionality into a realm where design, technology, and organizational excellence converge. As professionals meet the demands of a dynamic work environment, laptop backpack selection becomes a strategic decision that can increase efficiency, reflect personal style, [&hellip;]<\/p>","protected":false},"author":1,"featured_media":0,"parent":0,"menu_order":0,"comment_status":"closed","ping_status":"closed","template":"","meta":{"footnotes":""},"class_list":["post-1291","page","type-page","status-publish","hentry"],"acf":[],"_links":{"self":[{"href":"https:\/\/csrpackpackaging.com\/es\/wp-json\/wp\/v2\/pages\/1291","targetHints":{"allow":["GET"]}}],"collection":[{"href":"https:\/\/csrpackpackaging.com\/es\/wp-json\/wp\/v2\/pages"}],"about":[{"href":"https:\/\/csrpackpackaging.com\/es\/wp-json\/wp\/v2\/types\/page"}],"author":[{"embeddable":true,"href":"https:\/\/csrpackpackaging.com\/es\/wp-json\/wp\/v2\/users\/1"}],"replies":[{"embeddable":true,"href":"https:\/\/csrpackpackaging.com\/es\/wp-json\/wp\/v2\/comments?post=1291"}],"version-history":[{"count":0,"href":"https:\/\/csrpackpackaging.com\/es\/wp-json\/wp\/v2\/pages\/1291\/revisions"}],"wp:attachment":[{"href":"https:\/\/csrpackpackaging.com\/es\/wp-json\/wp\/v2\/media?parent=1291"}],"curies":[{"name":"wp","href":"https:\/\/api.w.org\/{rel}","templated":true}]}}