{"id":1291,"date":"2023-10-07T15:12:33","date_gmt":"2023-10-07T07:12:33","guid":{"rendered":"https:\/\/www.csrpackpackaging.com\/?page_id=1291"},"modified":"2023-12-21T11:21:43","modified_gmt":"2023-12-21T03:21:43","slug":"blog","status":"publish","type":"page","link":"https:\/\/csrpackpackaging.com\/de\/blog\/","title":{"rendered":"Blog"},"content":{"rendered":"<div data-elementor-type=\"wp-page\" data-elementor-id=\"1291\" class=\"elementor elementor-1291\">\n\t\t\t\t\t\t\t\t\t<section class=\"elementor-section elementor-top-section elementor-element elementor-element-f764872 elementor-section-height-min-height elementor-section-boxed elementor-section-height-default elementor-section-items-middle\" data-id=\"f764872\" data-element_type=\"section\" data-settings=\"{&quot;background_background&quot;:&quot;classic&quot;}\">\n\t\t\t\t\t\t<div class=\"elementor-container elementor-column-gap-default\">\n\t\t\t\t\t<div class=\"elementor-column elementor-col-100 elementor-top-column elementor-element elementor-element-65855aa\" data-id=\"65855aa\" data-element_type=\"column\">\n\t\t\t<div class=\"elementor-widget-wrap elementor-element-populated\">\n\t\t\t\t\t\t\t\t\t<\/div>\n\t\t<\/div>\n\t\t\t\t\t\t\t<\/div>\n\t\t<\/section>\n\t\t\t\t<section class=\"elementor-section elementor-top-section elementor-element elementor-element-51cfd56 elementor-section-boxed elementor-section-height-default elementor-section-height-default\" data-id=\"51cfd56\" data-element_type=\"section\">\n\t\t\t\t\t\t<div class=\"elementor-container elementor-column-gap-default\">\n\t\t\t\t\t<div class=\"elementor-column elementor-col-100 elementor-top-column elementor-element elementor-element-da627ff\" data-id=\"da627ff\" data-element_type=\"column\">\n\t\t\t<div class=\"elementor-widget-wrap elementor-element-populated\">\n\t\t\t\t\t\t\t\t<div class=\"elementor-element elementor-element-9d364e2 elementor-widget elementor-widget-shortcode\" data-id=\"9d364e2\" data-element_type=\"widget\" data-widget_type=\"shortcode.default\">\n\t\t\t\t<div class=\"elementor-widget-container\">\n\t\t\t\t\t<div class=\"elementor-shortcode\">\t\t\t<!-- Flexy Breadcrumb -->\r\n\t\t\t<div class=\"fbc fbc-page\">\r\n\r\n\t\t\t\t<!-- Breadcrumb wrapper -->\r\n\t\t\t\t<div class=\"fbc-wrap\">\r\n\r\n\t\t\t\t\t<!-- Ordered list-->\r\n\t\t\t\t\t<ol class=\"fbc-items\" itemscope itemtype=\"https:\/\/schema.org\/BreadcrumbList\">\r\n\t\t\t\t\t\t            <li itemprop=\"itemListElement\" itemscope itemtype=\"https:\/\/schema.org\/ListItem\">\r\n                <span itemprop=\"name\">\r\n                    <!-- Home Link -->\r\n                    <a itemprop=\"item\" href=\"https:\/\/csrpackpackaging.com\/de\/\">\r\n                    \r\n                                                    <i class=\"fa fa-home\" aria-hidden=\"true\"><\/i>Startseite                    <\/a>\r\n                <\/span>\r\n                <meta itemprop=\"position\" content=\"1\" \/><!-- Meta Position-->\r\n             <\/li><li><span class=\"fbc-separator\">\/<\/span><\/li><li class=\"active\" itemprop=\"itemListElement\" itemscope itemtype=\"https:\/\/schema.org\/ListItem\"><span itemprop=\"name\" title=\"Blog\">Blog<\/span><meta itemprop=\"position\" content=\"2\" \/><\/li>\t\t\t\t\t<\/ol>\r\n\t\t\t\t\t<div class=\"clearfix\"><\/div>\r\n\t\t\t\t<\/div>\r\n\t\t\t<\/div>\r\n\t\t\t<\/div>\n\t\t\t\t<\/div>\n\t\t\t\t<\/div>\n\t\t\t\t\t<\/div>\n\t\t<\/div>\n\t\t\t\t\t\t\t<\/div>\n\t\t<\/section>\n\t\t\t\t<section class=\"elementor-section elementor-top-section elementor-element elementor-element-affd8bd elementor-section-boxed elementor-section-height-default elementor-section-height-default\" data-id=\"affd8bd\" data-element_type=\"section\">\n\t\t\t\t\t\t<div class=\"elementor-container elementor-column-gap-default\">\n\t\t\t\t\t<div class=\"elementor-column elementor-col-100 elementor-top-column elementor-element elementor-element-9c320b8\" data-id=\"9c320b8\" data-element_type=\"column\">\n\t\t\t<div class=\"elementor-widget-wrap elementor-element-populated\">\n\t\t\t\t\t\t\t\t<div class=\"elementor-element elementor-element-9591460 elementor-widget elementor-widget-uael-posts\" data-id=\"9591460\" data-element_type=\"widget\" data-settings=\"{&quot;classic_pagination_type&quot;:&quot;normal&quot;,&quot;classic_slides_to_show&quot;:3,&quot;classic_slides_to_show_tablet&quot;:2,&quot;classic_slides_to_show_mobile&quot;:1}\" data-widget_type=\"uael-posts.classic\">\n\t\t\t\t<div class=\"elementor-widget-container\">\n\t\t\t\t\t<div class=\"uael-post__header\">\r\n\t\t\t\t\t<\/div>\r\n\t\t<div class=\"uael-post__body\">\r\n\t\t\t\r\n\t\t\r\n\t\t<div class=\"uael-blog-terms-position- uael-post-image-top uael-post-grid uael-posts\" data-query-type=\"custom\" data-structure=\"normal\" data-layout=\"\" data-page=\"1291\" data-skin=\"classic\" data-filter-default=\"\" data-offset-top=\"30\" >\r\n\r\n\t\t\t\t\t\t\t<div class=\"uael-post-grid__inner uael-post__columns-3 uael-post__columns-tablet-2 uael-post__columns-mobile-1\">\r\n\t\t\t\n<div class=\"uael-post-wrapper   blog\">\n\t<div class=\"uael-post__bg-wrap\">\n\n\t\t\t\t\n\t\t<div class=\"uael-post__inner-wrap\">\n\n\t\t\t\t<div class=\"uael-post__thumbnail\">\r\n\t\t\t\r\n\t\t\t<a href=\"https:\/\/csrpackpackaging.com\/de\/the-ultimate-guide-to-custom-suit-packaging-boxes\/\" target=\"_self\" title=\"Der ultimative Leitfaden f\u00fcr ma\u00dfgeschneiderte Anzugskartons\"><img loading=\"lazy\" decoding=\"async\" width=\"1080\" height=\"1080\" src=\"https:\/\/csrpackpackaging.com\/wp-content\/uploads\/2025\/04\/Suit-corrugated-box-5.webp\" class=\"attachment-full size-full wp-image-4101\" alt=\"Passende Wellpappschachtel (5)\" srcset=\"https:\/\/csrpackpackaging.com\/wp-content\/uploads\/2025\/04\/Suit-corrugated-box-5.webp 1080w, https:\/\/csrpackpackaging.com\/wp-content\/uploads\/2025\/04\/Suit-corrugated-box-5-300x300.webp 300w, https:\/\/csrpackpackaging.com\/wp-content\/uploads\/2025\/04\/Suit-corrugated-box-5-1024x1024.webp 1024w, https:\/\/csrpackpackaging.com\/wp-content\/uploads\/2025\/04\/Suit-corrugated-box-5-150x150.webp 150w, https:\/\/csrpackpackaging.com\/wp-content\/uploads\/2025\/04\/Suit-corrugated-box-5-768x768.webp 768w, https:\/\/csrpackpackaging.com\/wp-content\/uploads\/2025\/04\/Suit-corrugated-box-5-12x12.webp 12w\" sizes=\"auto, (max-width: 1080px) 100vw, 1080px\" \/><\/a>\r\n\t\t\t\t\t<\/div>\r\n\t\t\n\t\t\t\n\t\t\t<div class=\"uael-post__content-wrap\">\n\t\t\t\t\t<h2 class=\"uael-post__title\">\r\n\r\n\t\t\r\n\t\t\t\t\t\t<a href=\"https:\/\/csrpackpackaging.com\/de\/the-ultimate-guide-to-custom-suit-packaging-boxes\/\" target=\"_self\">\r\n\t\t\t\tDer ultimative Leitfaden f\u00fcr ma\u00dfgeschneiderte Anzugskartons\t\t\t<\/a>\r\n\r\n\t\t\t\t<\/h2>\r\n\t\t\t\t\t<div class=\"uael-post__meta-data\">\r\n\t\t\t\t\t<span class=\"uael-post__date\">\r\n\t\t\t\t\t\t\t\t\t\t\t\t\t\t\t\t\t\t\t\t\t\t\r\n\t\t\t2025-04-03\t\t<\/span>\r\n\t\t\t\t<\/div>\r\n\t\t\r\n\t\t<div class=\"uael-post__excerpt\">\r\n\t\t\t<p>In the high-end fashion market, a suit is not just a symbol of identity; it is also a carrier of craftsmanship and aesthetics. However, if &#8230;<\/p>\n\t\t<\/div>\r\n\r\n\t\t\t\t\t<a class=\"uael-post__read-more elementor-button\" href=\"https:\/\/csrpackpackaging.com\/de\/the-ultimate-guide-to-custom-suit-packaging-boxes\/\" target=\"_self\" aria-labelledby=\"uael-post-4109\">\r\n\t\t\t\t\t<span class=\"elementor-button-content-wrapper\">\r\n\t\t\t\t\t\t\t\t\t\t\t\t\t\t<span class=\"elementor-button-icon elementor-align-icon-left\">\r\n\r\n\t\t\t\t\t\t\t\t\t\r\n\t\t\t\t\t\t\t\t<\/span>\r\n\t\t\t\t\t\t\t\t\t\t\t\t\t\r\n\t\t\t\t\t\t<span class=\"elementor-button-text\" id=\"uael-post-4109\">Mehr lesen \u2192<\/span>\r\n\t\t\t\t\t<\/span>\r\n\t\t\t\t<\/a>\r\n\t\t\t\t\t\t<\/div>\n\t\t\t\n\t\t<\/div>\n\t\t\n\t<\/div>\n\n<\/div>\n\n<div class=\"uael-post-wrapper   industry-knowledge\">\n\t<div class=\"uael-post__bg-wrap\">\n\n\t\t\t\t\n\t\t<div class=\"uael-post__inner-wrap\">\n\n\t\t\t\t<div class=\"uael-post__thumbnail\">\r\n\t\t\t\r\n\t\t\t<a href=\"https:\/\/csrpackpackaging.com\/de\/what-are-the-benefits-of-using-garment-bags\/\" target=\"_self\" title=\"Was sind die Vorteile der Verwendung von Kleiders\u00e4cken?\"><img loading=\"lazy\" decoding=\"async\" width=\"800\" height=\"800\" src=\"https:\/\/csrpackpackaging.com\/wp-content\/uploads\/2024\/07\/O1CN01vaSiZy1NUw7IdYERa_963b_1697635059262.jpg\" class=\"attachment-full size-full wp-image-3235\" alt=\"\" srcset=\"https:\/\/csrpackpackaging.com\/wp-content\/uploads\/2024\/07\/O1CN01vaSiZy1NUw7IdYERa_963b_1697635059262.jpg 800w, https:\/\/csrpackpackaging.com\/wp-content\/uploads\/2024\/07\/O1CN01vaSiZy1NUw7IdYERa_963b_1697635059262-300x300.jpg 300w, https:\/\/csrpackpackaging.com\/wp-content\/uploads\/2024\/07\/O1CN01vaSiZy1NUw7IdYERa_963b_1697635059262-150x150.jpg 150w, https:\/\/csrpackpackaging.com\/wp-content\/uploads\/2024\/07\/O1CN01vaSiZy1NUw7IdYERa_963b_1697635059262-768x768.jpg 768w, https:\/\/csrpackpackaging.com\/wp-content\/uploads\/2024\/07\/O1CN01vaSiZy1NUw7IdYERa_963b_1697635059262-12x12.jpg 12w\" sizes=\"auto, (max-width: 800px) 100vw, 800px\" \/><\/a>\r\n\t\t\t\t\t<\/div>\r\n\t\t\n\t\t\t\n\t\t\t<div class=\"uael-post__content-wrap\">\n\t\t\t\t\t<h2 class=\"uael-post__title\">\r\n\r\n\t\t\r\n\t\t\t\t\t\t<a href=\"https:\/\/csrpackpackaging.com\/de\/what-are-the-benefits-of-using-garment-bags\/\" target=\"_self\">\r\n\t\t\t\tWas sind die Vorteile der Verwendung von Kleiders\u00e4cken?\t\t\t<\/a>\r\n\r\n\t\t\t\t<\/h2>\r\n\t\t\t\t\t<div class=\"uael-post__meta-data\">\r\n\t\t\t\t\t<span class=\"uael-post__date\">\r\n\t\t\t\t\t\t\t\t\t\t\t\t\t\t\t\t\t\t\t\t\t\t\r\n\t\t\t2024-07-11\t\t<\/span>\r\n\t\t\t\t<\/div>\r\n\t\t\r\n\t\t<div class=\"uael-post__excerpt\">\r\n\t\t\t<p>Kleiders\u00e4cke sind nicht nur etwas f\u00fcr Fashionistas oder Reisende. Egal, ob Sie einen kleinen Kleiderschrank oder eine umfangreiche Kleidersammlung haben, die Verwendung von Kleiders\u00e4cken zur Aufbewahrung bietet zahlreiche Vorteile. In diesem Artikel gehen wir auf die Vorteile von Kleiders\u00e4cken ein und geben Empfehlungen f\u00fcr die besten auf dem Markt erh\u00e4ltlichen Modelle.<\/p>\n\t\t<\/div>\r\n\r\n\t\t\t\t\t<a class=\"uael-post__read-more elementor-button\" href=\"https:\/\/csrpackpackaging.com\/de\/what-are-the-benefits-of-using-garment-bags\/\" target=\"_self\" aria-labelledby=\"uael-post-3236\">\r\n\t\t\t\t\t<span class=\"elementor-button-content-wrapper\">\r\n\t\t\t\t\t\t\t\t\t\t\t\t\t\t<span class=\"elementor-button-icon elementor-align-icon-left\">\r\n\r\n\t\t\t\t\t\t\t\t\t\r\n\t\t\t\t\t\t\t\t<\/span>\r\n\t\t\t\t\t\t\t\t\t\t\t\t\t\r\n\t\t\t\t\t\t<span class=\"elementor-button-text\" id=\"uael-post-3236\">Mehr lesen \u2192<\/span>\r\n\t\t\t\t\t<\/span>\r\n\t\t\t\t<\/a>\r\n\t\t\t\t\t\t<\/div>\n\t\t\t\n\t\t<\/div>\n\t\t\n\t<\/div>\n\n<\/div>\n\n<div class=\"uael-post-wrapper   industry-knowledge\">\n\t<div class=\"uael-post__bg-wrap\">\n\n\t\t\t\t\n\t\t<div class=\"uael-post__inner-wrap\">\n\n\t\t\t\t<div class=\"uael-post__thumbnail\">\r\n\t\t\t\r\n\t\t\t<a href=\"https:\/\/csrpackpackaging.com\/de\/what-is-cotton-shopping-bags\/\" target=\"_self\" title=\"Was sind Baumwoll-Einkaufstaschen\uff1f?\"><img loading=\"lazy\" decoding=\"async\" width=\"790\" height=\"790\" src=\"https:\/\/csrpackpackaging.com\/wp-content\/uploads\/2024\/07\/O1CN0195PVdo26l6qhnExJf_169b_1697621209082.jpg\" class=\"attachment-full size-full wp-image-3233\" alt=\"\" srcset=\"https:\/\/csrpackpackaging.com\/wp-content\/uploads\/2024\/07\/O1CN0195PVdo26l6qhnExJf_169b_1697621209082.jpg 790w, https:\/\/csrpackpackaging.com\/wp-content\/uploads\/2024\/07\/O1CN0195PVdo26l6qhnExJf_169b_1697621209082-300x300.jpg 300w, https:\/\/csrpackpackaging.com\/wp-content\/uploads\/2024\/07\/O1CN0195PVdo26l6qhnExJf_169b_1697621209082-150x150.jpg 150w, https:\/\/csrpackpackaging.com\/wp-content\/uploads\/2024\/07\/O1CN0195PVdo26l6qhnExJf_169b_1697621209082-768x768.jpg 768w, https:\/\/csrpackpackaging.com\/wp-content\/uploads\/2024\/07\/O1CN0195PVdo26l6qhnExJf_169b_1697621209082-12x12.jpg 12w\" sizes=\"auto, (max-width: 790px) 100vw, 790px\" \/><\/a>\r\n\t\t\t\t\t<\/div>\r\n\t\t\n\t\t\t\n\t\t\t<div class=\"uael-post__content-wrap\">\n\t\t\t\t\t<h2 class=\"uael-post__title\">\r\n\r\n\t\t\r\n\t\t\t\t\t\t<a href=\"https:\/\/csrpackpackaging.com\/de\/what-is-cotton-shopping-bags\/\" target=\"_self\">\r\n\t\t\t\tWas sind Baumwoll-Einkaufstaschen\uff1f?\t\t\t<\/a>\r\n\r\n\t\t\t\t<\/h2>\r\n\t\t\t\t\t<div class=\"uael-post__meta-data\">\r\n\t\t\t\t\t<span class=\"uael-post__date\">\r\n\t\t\t\t\t\t\t\t\t\t\t\t\t\t\t\t\t\t\t\t\t\t\r\n\t\t\t2024-04-19\t\t<\/span>\r\n\t\t\t\t<\/div>\r\n\t\t\r\n\t\t<div class=\"uael-post__excerpt\">\r\n\t\t\t<p>Einkaufstaschen aus Baumwolle sind Taschen aus gewebten Stoffen, die aus Baumwollgarn hergestellt werden. Dank ihrer hervorragenden Hygroskopizit\u00e4t, Luftdurchl\u00e4ssigkeit, Hitzebest\u00e4ndigkeit und Sauberkeit sind Einkaufstaschen aus Baumwolle f\u00fcr viele Menschen eine beliebte Option f\u00fcr den t\u00e4glichen Einkauf. Au\u00dferdem entscheiden sich immer mehr Menschen f\u00fcr Einkaufstaschen aus Baumwolle, da es sich um ein nachhaltiges Material handelt, das sich auf nat\u00fcrliche Weise abbaut und die Umwelt nicht belastet, vor allem in Anbetracht der wachsenden Bedeutung des Umweltschutzes.<\/p>\n\t\t<\/div>\r\n\r\n\t\t\t\t\t<a class=\"uael-post__read-more elementor-button\" href=\"https:\/\/csrpackpackaging.com\/de\/what-is-cotton-shopping-bags\/\" target=\"_self\" aria-labelledby=\"uael-post-3216\">\r\n\t\t\t\t\t<span class=\"elementor-button-content-wrapper\">\r\n\t\t\t\t\t\t\t\t\t\t\t\t\t\t<span class=\"elementor-button-icon elementor-align-icon-left\">\r\n\r\n\t\t\t\t\t\t\t\t\t\r\n\t\t\t\t\t\t\t\t<\/span>\r\n\t\t\t\t\t\t\t\t\t\t\t\t\t\r\n\t\t\t\t\t\t<span class=\"elementor-button-text\" id=\"uael-post-3216\">Mehr lesen \u2192<\/span>\r\n\t\t\t\t\t<\/span>\r\n\t\t\t\t<\/a>\r\n\t\t\t\t\t\t<\/div>\n\t\t\t\n\t\t<\/div>\n\t\t\n\t<\/div>\n\n<\/div>\n\n<div class=\"uael-post-wrapper   industry-knowledge\">\n\t<div class=\"uael-post__bg-wrap\">\n\n\t\t\t\t\n\t\t<div class=\"uael-post__inner-wrap\">\n\n\t\t\t\t<div class=\"uael-post__thumbnail\">\r\n\t\t\t\r\n\t\t\t<a href=\"https:\/\/csrpackpackaging.com\/de\/what-is-luxury-garment-covers-for-dresses\/\" target=\"_self\" title=\"Was sind Luxus-Kleidungsbez\u00fcge f\u00fcr Kleider?\"><img loading=\"lazy\" decoding=\"async\" width=\"800\" height=\"800\" src=\"https:\/\/csrpackpackaging.com\/wp-content\/uploads\/2024\/04\/O1CN01QGNHuL1NUwGAsU2St_963_1697630261865.jpg\" class=\"attachment-full size-full wp-image-3213\" alt=\"\" srcset=\"https:\/\/csrpackpackaging.com\/wp-content\/uploads\/2024\/04\/O1CN01QGNHuL1NUwGAsU2St_963_1697630261865.jpg 800w, https:\/\/csrpackpackaging.com\/wp-content\/uploads\/2024\/04\/O1CN01QGNHuL1NUwGAsU2St_963_1697630261865-300x300.jpg 300w, https:\/\/csrpackpackaging.com\/wp-content\/uploads\/2024\/04\/O1CN01QGNHuL1NUwGAsU2St_963_1697630261865-150x150.jpg 150w, https:\/\/csrpackpackaging.com\/wp-content\/uploads\/2024\/04\/O1CN01QGNHuL1NUwGAsU2St_963_1697630261865-768x768.jpg 768w, https:\/\/csrpackpackaging.com\/wp-content\/uploads\/2024\/04\/O1CN01QGNHuL1NUwGAsU2St_963_1697630261865-12x12.jpg 12w\" sizes=\"auto, (max-width: 800px) 100vw, 800px\" \/><\/a>\r\n\t\t\t\t\t<\/div>\r\n\t\t\n\t\t\t\n\t\t\t<div class=\"uael-post__content-wrap\">\n\t\t\t\t\t<h2 class=\"uael-post__title\">\r\n\r\n\t\t\r\n\t\t\t\t\t\t<a href=\"https:\/\/csrpackpackaging.com\/de\/what-is-luxury-garment-covers-for-dresses\/\" target=\"_self\">\r\n\t\t\t\tWas sind Luxus-Kleidungsbez\u00fcge f\u00fcr Kleider?\t\t\t<\/a>\r\n\r\n\t\t\t\t<\/h2>\r\n\t\t\t\t\t<div class=\"uael-post__meta-data\">\r\n\t\t\t\t\t<span class=\"uael-post__date\">\r\n\t\t\t\t\t\t\t\t\t\t\t\t\t\t\t\t\t\t\t\t\t\t\r\n\t\t\t2024-04-19\t\t<\/span>\r\n\t\t\t\t<\/div>\r\n\t\t\r\n\t\t<div class=\"uael-post__excerpt\">\r\n\t\t\t<p>Elegante und modische Schutzausr\u00fcstungen, wie z. B. luxuri\u00f6se Kleiderh\u00fcllen, sind f\u00fcr die Aufbewahrung und den Versand von Kleidern und anderen empfindlichen Kleidungsst\u00fccken unerl\u00e4sslich. Sie bieten umfassende Pflege f\u00fcr unbezahlbare Kleidungsst\u00fccke und sind mehr als nur einfache H\u00fcllen.<\/p>\n\t\t<\/div>\r\n\r\n\t\t\t\t\t<a class=\"uael-post__read-more elementor-button\" href=\"https:\/\/csrpackpackaging.com\/de\/what-is-luxury-garment-covers-for-dresses\/\" target=\"_self\" aria-labelledby=\"uael-post-3214\">\r\n\t\t\t\t\t<span class=\"elementor-button-content-wrapper\">\r\n\t\t\t\t\t\t\t\t\t\t\t\t\t\t<span class=\"elementor-button-icon elementor-align-icon-left\">\r\n\r\n\t\t\t\t\t\t\t\t\t\r\n\t\t\t\t\t\t\t\t<\/span>\r\n\t\t\t\t\t\t\t\t\t\t\t\t\t\r\n\t\t\t\t\t\t<span class=\"elementor-button-text\" id=\"uael-post-3214\">Mehr lesen \u2192<\/span>\r\n\t\t\t\t\t<\/span>\r\n\t\t\t\t<\/a>\r\n\t\t\t\t\t\t<\/div>\n\t\t\t\n\t\t<\/div>\n\t\t\n\t<\/div>\n\n<\/div>\n\n<div class=\"uael-post-wrapper   industry-knowledge\">\n\t<div class=\"uael-post__bg-wrap\">\n\n\t\t\t\t\n\t\t<div class=\"uael-post__inner-wrap\">\n\n\t\t\t\t<div class=\"uael-post__thumbnail\">\r\n\t\t\t\r\n\t\t\t<a href=\"https:\/\/csrpackpackaging.com\/de\/the-benefits-of-using-cotton-garment-bags-for-clothing-storage\/\" target=\"_self\" title=\"Die Vorteile der Verwendung von Kleiders\u00e4cken aus Baumwolle f\u00fcr die Aufbewahrung von Kleidung\"><img loading=\"lazy\" decoding=\"async\" width=\"750\" height=\"750\" src=\"https:\/\/data.adwebcloud.com\/public\/material\/23032909sriw\/product\/O1CN01rfuIlX1NUwEKAn391_963_1697632378993.jpg\" class=\"attachment-full size-full wp-image-1825\" alt=\"Vliesstoffs\u00e4cke zur Aufbewahrung von Kleidungsst\u00fccken\" \/><\/a>\r\n\t\t\t\t\t<\/div>\r\n\t\t\n\t\t\t\n\t\t\t<div class=\"uael-post__content-wrap\">\n\t\t\t\t\t<h2 class=\"uael-post__title\">\r\n\r\n\t\t\r\n\t\t\t\t\t\t<a href=\"https:\/\/csrpackpackaging.com\/de\/the-benefits-of-using-cotton-garment-bags-for-clothing-storage\/\" target=\"_self\">\r\n\t\t\t\tDie Vorteile der Verwendung von Kleiders\u00e4cken aus Baumwolle f\u00fcr die Aufbewahrung von Kleidung\t\t\t<\/a>\r\n\r\n\t\t\t\t<\/h2>\r\n\t\t\t\t\t<div class=\"uael-post__meta-data\">\r\n\t\t\t\t\t<span class=\"uael-post__date\">\r\n\t\t\t\t\t\t\t\t\t\t\t\t\t\t\t\t\t\t\t\t\t\t\r\n\t\t\t2024-04-11\t\t<\/span>\r\n\t\t\t\t<\/div>\r\n\t\t\r\n\t\t<div class=\"uael-post__excerpt\">\r\n\t\t\t<p>Baumwollkleiders\u00e4cke sind eine nachhaltige und umweltfreundliche Option f\u00fcr die Aufbewahrung von Kleidung. Sie werden aus nat\u00fcrlichen Baumwollfasern hergestellt und sind weich, atmungsaktiv und feuchtigkeitsabsorbierend, was sie ideal f\u00fcr die Verpackung von gehobener Kleidung macht. Sie sind au\u00dferdem hygroskopisch, so dass die Luft zirkulieren kann und sich keine Feuchtigkeit ansammelt. Baumwolltaschen sind auch stilvoll und anspruchsvoll, was sie f\u00fcr das Markenimage und die Marktattraktivit\u00e4t geeignet macht. Au\u00dferdem sind sie langlebig und verringern den Ressourcenverbrauch im Vergleich zu synthetischen Materialien. Trotz ihrer Langlebigkeit bieten Baumwollkleiders\u00e4cke Praktikabilit\u00e4t, Stil und Umweltschutz, was sie zu einer beliebten Wahl im Einzelhandel und in der Bekleidungsbranche macht.<\/p>\n\t\t<\/div>\r\n\r\n\t\t\t\t\t<a class=\"uael-post__read-more elementor-button\" href=\"https:\/\/csrpackpackaging.com\/de\/the-benefits-of-using-cotton-garment-bags-for-clothing-storage\/\" target=\"_self\" aria-labelledby=\"uael-post-3212\">\r\n\t\t\t\t\t<span class=\"elementor-button-content-wrapper\">\r\n\t\t\t\t\t\t\t\t\t\t\t\t\t\t<span class=\"elementor-button-icon elementor-align-icon-left\">\r\n\r\n\t\t\t\t\t\t\t\t\t\r\n\t\t\t\t\t\t\t\t<\/span>\r\n\t\t\t\t\t\t\t\t\t\t\t\t\t\r\n\t\t\t\t\t\t<span class=\"elementor-button-text\" id=\"uael-post-3212\">Mehr lesen \u2192<\/span>\r\n\t\t\t\t\t<\/span>\r\n\t\t\t\t<\/a>\r\n\t\t\t\t\t\t<\/div>\n\t\t\t\n\t\t<\/div>\n\t\t\n\t<\/div>\n\n<\/div>\n\n<div class=\"uael-post-wrapper   industry-knowledge\">\n\t<div class=\"uael-post__bg-wrap\">\n\n\t\t\t\t\n\t\t<div class=\"uael-post__inner-wrap\">\n\n\t\t\t\t<div class=\"uael-post__thumbnail\">\r\n\t\t\t\r\n\t\t\t<a href=\"https:\/\/csrpackpackaging.com\/de\/benefits-of-using-cotton-bags\/\" target=\"_self\" title=\"Vorteile der Verwendung von Baumwolltaschen\"><img loading=\"lazy\" decoding=\"async\" width=\"750\" height=\"750\" src=\"https:\/\/csrpackpackaging.com\/wp-content\/uploads\/2024\/03\/HTB1jK5sM6TpK1RjSZKPq6y3UpX0_1681385440213.webp\" class=\"attachment-full size-full wp-image-3191\" alt=\"\" srcset=\"https:\/\/csrpackpackaging.com\/wp-content\/uploads\/2024\/03\/HTB1jK5sM6TpK1RjSZKPq6y3UpX0_1681385440213.webp 750w, https:\/\/csrpackpackaging.com\/wp-content\/uploads\/2024\/03\/HTB1jK5sM6TpK1RjSZKPq6y3UpX0_1681385440213-300x300.webp 300w, https:\/\/csrpackpackaging.com\/wp-content\/uploads\/2024\/03\/HTB1jK5sM6TpK1RjSZKPq6y3UpX0_1681385440213-150x150.webp 150w, https:\/\/csrpackpackaging.com\/wp-content\/uploads\/2024\/03\/HTB1jK5sM6TpK1RjSZKPq6y3UpX0_1681385440213-12x12.webp 12w\" sizes=\"auto, (max-width: 750px) 100vw, 750px\" \/><\/a>\r\n\t\t\t\t\t<\/div>\r\n\t\t\n\t\t\t\n\t\t\t<div class=\"uael-post__content-wrap\">\n\t\t\t\t\t<h2 class=\"uael-post__title\">\r\n\r\n\t\t\r\n\t\t\t\t\t\t<a href=\"https:\/\/csrpackpackaging.com\/de\/benefits-of-using-cotton-bags\/\" target=\"_self\">\r\n\t\t\t\tVorteile der Verwendung von Baumwolltaschen\t\t\t<\/a>\r\n\r\n\t\t\t\t<\/h2>\r\n\t\t\t\t\t<div class=\"uael-post__meta-data\">\r\n\t\t\t\t\t<span class=\"uael-post__date\">\r\n\t\t\t\t\t\t\t\t\t\t\t\t\t\t\t\t\t\t\t\t\t\t\r\n\t\t\t2024-03-17\t\t<\/span>\r\n\t\t\t\t<\/div>\r\n\t\t\r\n\t\t<div class=\"uael-post__excerpt\">\r\n\t\t\t<p>Das zunehmende Umweltbewusstsein hat zu einer wachsenden Vorliebe f\u00fcr umweltfreundliche Alternativen wie Baumwolltaschen gef\u00fchrt. Baumwolltaschen sind nat\u00fcrlich, belasten die Umwelt nur minimal und k\u00f6nnen recycelt werden, was den Abfall reduziert. Sie eignen sich f\u00fcr den Transport gro\u00dfer Lasten und sind in verschiedenen Designs erh\u00e4ltlich, so dass sie f\u00fcr den pers\u00f6nlichen Gebrauch und f\u00fcr verschiedene Anl\u00e4sse geeignet sind. F\u00fcr Unternehmen haben sie auch wirtschaftliche Vorteile, da sie als Werbemittel eingesetzt werden k\u00f6nnen und den Bekanntheitsgrad der Marke erh\u00f6hen.<\/p>\n\t\t<\/div>\r\n\r\n\t\t\t\t\t<a class=\"uael-post__read-more elementor-button\" href=\"https:\/\/csrpackpackaging.com\/de\/benefits-of-using-cotton-bags\/\" target=\"_self\" aria-labelledby=\"uael-post-3192\">\r\n\t\t\t\t\t<span class=\"elementor-button-content-wrapper\">\r\n\t\t\t\t\t\t\t\t\t\t\t\t\t\t<span class=\"elementor-button-icon elementor-align-icon-left\">\r\n\r\n\t\t\t\t\t\t\t\t\t\r\n\t\t\t\t\t\t\t\t<\/span>\r\n\t\t\t\t\t\t\t\t\t\t\t\t\t\r\n\t\t\t\t\t\t<span class=\"elementor-button-text\" id=\"uael-post-3192\">Mehr lesen \u2192<\/span>\r\n\t\t\t\t\t<\/span>\r\n\t\t\t\t<\/a>\r\n\t\t\t\t\t\t<\/div>\n\t\t\t\n\t\t<\/div>\n\t\t\n\t<\/div>\n\n<\/div>\n\t\t\t\t<\/div>\r\n\t\t\t\t\t\t\r\n\t\t<\/div>\r\n\r\n\t\t\t\t\t\t<\/div>\r\n\t\t<div class=\"uael-post__footer\">\r\n\t\t\t\t\t\t<nav class=\"uael-grid-pagination\"  role=\"navigation\" aria-label=\"Pagination\" data-total=\"4\" data-next-page=\"2\">\r\n\t\t\t\t<span aria-current=\"page\" class=\"page-numbers current\">1<\/span>\n<a class=\"page-numbers\" href=\"https:\/\/csrpackpackaging.com\/wp-json\/wp\/v2\/pages\/1291\/page\/2\/\">2<\/a>\n<a class=\"page-numbers\" href=\"https:\/\/csrpackpackaging.com\/wp-json\/wp\/v2\/pages\/1291\/page\/3\/\">3<\/a>\n<a class=\"page-numbers\" href=\"https:\/\/csrpackpackaging.com\/wp-json\/wp\/v2\/pages\/1291\/page\/4\/\">4<\/a>\n<a class=\"next page-numbers\" href=\"https:\/\/csrpackpackaging.com\/wp-json\/wp\/v2\/pages\/1291\/page\/2\/\">Weiter &raquo;<\/a>\t\t\t<\/nav>\r\n\t\t\t\t\t<\/div>\r\n\t\t\t\t<\/div>\n\t\t\t\t<\/div>\n\t\t\t\t\t<\/div>\n\t\t<\/div>\n\t\t\t\t\t\t\t<\/div>\n\t\t<\/section>\n\t\t\t\t\t\t\t<\/div>","protected":false},"excerpt":{"rendered":"<p>A Comprehensive Guide to the Best Laptop Backpacks for Work 2023-12-12 The work laptop backpack landscape has evolved beyond mere functionality into a realm where design, technology, and organizational excellence converge. As professionals meet the demands of a dynamic work environment, laptop backpack selection becomes a strategic decision that can increase efficiency, reflect personal style, [&hellip;]<\/p>","protected":false},"author":1,"featured_media":0,"parent":0,"menu_order":0,"comment_status":"closed","ping_status":"closed","template":"","meta":{"footnotes":""},"class_list":["post-1291","page","type-page","status-publish","hentry"],"acf":[],"_links":{"self":[{"href":"https:\/\/csrpackpackaging.com\/de\/wp-json\/wp\/v2\/pages\/1291","targetHints":{"allow":["GET"]}}],"collection":[{"href":"https:\/\/csrpackpackaging.com\/de\/wp-json\/wp\/v2\/pages"}],"about":[{"href":"https:\/\/csrpackpackaging.com\/de\/wp-json\/wp\/v2\/types\/page"}],"author":[{"embeddable":true,"href":"https:\/\/csrpackpackaging.com\/de\/wp-json\/wp\/v2\/users\/1"}],"replies":[{"embeddable":true,"href":"https:\/\/csrpackpackaging.com\/de\/wp-json\/wp\/v2\/comments?post=1291"}],"version-history":[{"count":0,"href":"https:\/\/csrpackpackaging.com\/de\/wp-json\/wp\/v2\/pages\/1291\/revisions"}],"wp:attachment":[{"href":"https:\/\/csrpackpackaging.com\/de\/wp-json\/wp\/v2\/media?parent=1291"}],"curies":[{"name":"wp","href":"https:\/\/api.w.org\/{rel}","templated":true}]}}